{"id":12,"date":"2018-11-27T12:56:27","date_gmt":"2018-11-27T12:56:27","guid":{"rendered":"https:\/\/2019.nis.wordcamp.org\/organizers\/"},"modified":"2019-03-12T09:52:36","modified_gmt":"2019-03-12T08:52:36","slug":"organizers","status":"publish","type":"page","link":"https:\/\/nis.wordcamp.org\/2019\/organizers\/","title":{"rendered":"Organisers"},"content":{"rendered":"\t<div class=\"wcorg-organizers\">\n\n\t\t\n\t\t\t<div class=\"wcorg-organizer\">\n\t\t\t\t<h2>Milan \u0110or\u0111evi\u0107<\/h2>\n\t\t\t\t<div class=\"wcorg-organizer-description\">\n\t\t\t\t\t\t\t\t\t\t<img alt='' src='https:\/\/secure.gravatar.com\/avatar\/216d90bad9f926d7daa498d7d45a5327b5c08399792f2f71a87d61262912f3f1?s=96&#038;d=mm&#038;r=g' srcset='https:\/\/secure.gravatar.com\/avatar\/216d90bad9f926d7daa498d7d45a5327b5c08399792f2f71a87d61262912f3f1?s=96&#038;d=mm&#038;r=g 2x' class='avatar avatar-96 photo' height='96' width='96' \/>\t\t\t\t\t\n<p> CTO at Shindiri Studio, WordPress enthusiast, educator and project manager, with neverending energy to contribute to the community! Co-founder of WordPress Nis Community. Co-Orgnizer of WCEU 2018 and Volunteers Team Member for #WCEU 2019 in Berlin.<\/p>\n\n\n\n<p><strong>Ni\u0161<\/strong> \/ <a href=\"https:\/\/twitter.com\/redcellapps\">@redcellapps<\/a> \/&nbsp;<a href=\"https:\/\/www.redcellapps.com\">redcellapps.com<\/a><\/p>\n\t\t\t\t<\/div>\n\t\t\t<\/div>\n\n\t\t\n\t\t\t<div class=\"wcorg-organizer\">\n\t\t\t\t<h2>Aleksandar Predi\u0107<\/h2>\n\t\t\t\t<div class=\"wcorg-organizer-description\">\n\t\t\t\t\t\t\t\t\t\t<img alt='' src='https:\/\/secure.gravatar.com\/avatar\/fa4e0e836b86407f006d6605e30f5096fdf0f8235f1bdbd3edc37ad31bd2a70b?s=96&#038;d=mm&#038;r=g' srcset='https:\/\/secure.gravatar.com\/avatar\/fa4e0e836b86407f006d6605e30f5096fdf0f8235f1bdbd3edc37ad31bd2a70b?s=96&#038;d=mm&#038;r=g 2x' class='avatar avatar-96 photo' height='96' width='96' \/>\t\t\t\t\t\n<p> PHP\/ Web \/ WordPress Developer at Shindiri Studio company. Co-founder of Nis WordPress community #WPNis as part of #WPSerbia community, #WCEU organizing team. In spare time he loves spending time with family, dachshund included, or watch Sci-Fi movies again and again.<\/p>\n\n\n\n<p><strong>Ni\u0161<\/strong> \/ <a href=\"https:\/\/twitter.com\/apredic\">@apredic<\/a> \/&nbsp;<a href=\"https:\/\/www.acapredic.com\/\">acapredic.com<\/a><\/p>\n\t\t\t\t<\/div>\n\t\t\t<\/div>\n\n\t\t\n\t\t\t<div class=\"wcorg-organizer\">\n\t\t\t\t<h2>Milo\u0161 Risti\u0107<\/h2>\n\t\t\t\t<div class=\"wcorg-organizer-description\">\n\t\t\t\t\t\t\t\t\t\t<img alt='' src='https:\/\/secure.gravatar.com\/avatar\/7cc25e1fbe050beb4286ca7fdffdfa3bb07c7e972a1e8b2db4bc7f42adf74975?s=96&#038;d=mm&#038;r=g' srcset='https:\/\/secure.gravatar.com\/avatar\/7cc25e1fbe050beb4286ca7fdffdfa3bb07c7e972a1e8b2db4bc7f42adf74975?s=96&#038;d=mm&#038;r=g 2x' class='avatar avatar-96 photo' height='96' width='96' \/>\t\t\t\t\t\n<p> Web Developer with many interests, but mostly with WordPress and Javascript. Currently working as front-end developer and also is active member of WPNis organization for two years. <\/p>\n\n\n\n<p><strong>Ni\u0161<\/strong> \/ <a href=\"https:\/\/twitter.com\/RistaSB\">@RistaSB<\/a> \/&nbsp;<a href=\"http:\/\/milosristic.com\/\">milosristic.com<\/a><\/p>\n\t\t\t\t<\/div>\n\t\t\t<\/div>\n\n\t\t\n\t\t\t<div class=\"wcorg-organizer\">\n\t\t\t\t<h2>Nikola Ran\u0111elovi\u0107<\/h2>\n\t\t\t\t<div class=\"wcorg-organizer-description\">\n\t\t\t\t\t\t\t\t\t\t<img alt='' src='https:\/\/secure.gravatar.com\/avatar\/827ddf5dc1651ced56c6536f6c4d71f4c17c6beeaf7ccfbd1d2c2db6552d25bf?s=96&#038;d=mm&#038;r=g' srcset='https:\/\/secure.gravatar.com\/avatar\/827ddf5dc1651ced56c6536f6c4d71f4c17c6beeaf7ccfbd1d2c2db6552d25bf?s=96&#038;d=mm&#038;r=g 2x' class='avatar avatar-96 photo' height='96' width='96' \/>\t\t\t\t\t\n<p>Developer at Better Collective and active member of Nis WordPress community.<\/p>\n\n\n\n<p><strong>Ni\u0161<\/strong> \/ <a href=\"https:\/\/twitter.com\/ranikola\">@ranikola<\/a> \/&nbsp;<a href=\"https:\/\/ranikola.iz.rs\/\">ranikola.iz.rs<\/a><\/p>\n\t\t\t\t<\/div>\n\t\t\t<\/div>\n\n\t\t\n\t\t\t<div class=\"wcorg-organizer\">\n\t\t\t\t<h2>Miroslav Manovi\u0107<\/h2>\n\t\t\t\t<div class=\"wcorg-organizer-description\">\n\t\t\t\t\t\t\t\t\t\t<img alt='' src='https:\/\/secure.gravatar.com\/avatar\/e7128293039254f6145eaaa7c1cb4bf1d75ddfa2fcbed84abf05103ed9eb99a9?s=96&#038;d=mm&#038;r=g' srcset='https:\/\/secure.gravatar.com\/avatar\/e7128293039254f6145eaaa7c1cb4bf1d75ddfa2fcbed84abf05103ed9eb99a9?s=96&#038;d=mm&#038;r=g 2x' class='avatar avatar-96 photo' height='96' width='96' \/>\t\t\t\t\t\n<p>Web Developer Coordinator at Better Collective d.o.o. Skilled in modern JavaScript, PHP and WordPress development. Strong engineering professional with a Master&#8217;s degree focused in Information Technology from Faculty of Electrical Engineering Nish. Team member of WPNis for two years. <\/p>\n\n\n\n<p><strong>Negotin<\/strong> \/ <a href=\"https:\/\/twitter.com\/misko1215\">@misko1215<\/a><\/p>\n\t\t\t\t<\/div>\n\t\t\t<\/div>\n\n\t\t\n\t\t\t<div class=\"wcorg-organizer\">\n\t\t\t\t<h2>Milana Cap<\/h2>\n\t\t\t\t<div class=\"wcorg-organizer-description\">\n\t\t\t\t\t\t\t\t\t\t<img alt='' src='https:\/\/secure.gravatar.com\/avatar\/8c89447051442fa67f733cd23f299ed361f51e5129ee4b00a1f5d83fc2178a09?s=96&#038;d=mm&#038;r=g' srcset='https:\/\/secure.gravatar.com\/avatar\/8c89447051442fa67f733cd23f299ed361f51e5129ee4b00a1f5d83fc2178a09?s=96&#038;d=mm&#038;r=g 2x' class='avatar avatar-96 photo' height='96' width='96' \/>\t\t\t\t\t\n<p> Single mom. Former opera prompter, now WordPress\/PHP developer at Toptal. Lives in WordPress #docs slack channel, dies for dark chocolate. And bacon. <\/p>\n\n\n\n<p><strong>Novi Sad<\/strong> \/ <a href=\"https:\/\/twitter.com\/DjevaLoperka\">@DjevaLoperka<\/a> \/&nbsp;<a href=\"https:\/\/developerka.org\/\">developerka.org<\/a><\/p>\n\t\t\t\t<\/div>\n\t\t\t<\/div>\n\n\t\t\n\t\t\t<div class=\"wcorg-organizer\">\n\t\t\t\t<h2>Nemanja Ignjatovi\u0107<\/h2>\n\t\t\t\t<div class=\"wcorg-organizer-description\">\n\t\t\t\t\t\t\t\t\t\t<img alt='' src='https:\/\/secure.gravatar.com\/avatar\/846db9c808796f739e09aad270a34e643007147714064c9303d24c26456116f4?s=96&#038;d=mm&#038;r=g' srcset='https:\/\/secure.gravatar.com\/avatar\/846db9c808796f739e09aad270a34e643007147714064c9303d24c26456116f4?s=96&#038;d=mm&#038;r=g 2x' class='avatar avatar-96 photo' height='96' width='96' \/>\t\t\t\t\t\n<p> CTO at IT Centar, hardworking IT enthusiast, WordPress, FrontEnd developer, UX\/UI designer, educator and project manager, with expirience in making cutting edge solutions for IT with latest trends.<\/p>\n\n\n\n<p><strong>Ni\u0161<\/strong> \/ <a href=\"https:\/\/twitter.com\/nexterix\">@nexterix<\/a> \/&nbsp;<a href=\"https:\/\/www.redcellapps.com\/\">redcellapps.com<\/a> <\/p>\n\t\t\t\t<\/div>\n\t\t\t<\/div>\n\n\t\t\n\t\t\t<div class=\"wcorg-organizer\">\n\t\t\t\t<h2>Dragan Mili\u0107evi\u0107<\/h2>\n\t\t\t\t<div class=\"wcorg-organizer-description\">\n\t\t\t\t\t\t\t\t\t\t<img alt='' src='https:\/\/secure.gravatar.com\/avatar\/57344f6cfa71670677ef00b5af068efe184d382989eefeb20e567a09596e5dc0?s=96&#038;d=mm&#038;r=g' srcset='https:\/\/secure.gravatar.com\/avatar\/57344f6cfa71670677ef00b5af068efe184d382989eefeb20e567a09596e5dc0?s=96&#038;d=mm&#038;r=g 2x' class='avatar avatar-96 photo' height='96' width='96' \/>\t\t\t\t\t\n<p> Co-founder and CTO of Dewploy Sourcing, back-end developer and software architect, co-organizer of Ni\u0161 WordPress community \u2013 #WPNis. In spare time he is engaged in automation and system control and brainstorm a lot about how to use and involve WordPress in this sphere. <\/p>\n\n\n\n<p><strong>Leskovac<\/strong> \/ <a href=\"https:\/\/twitter.com\/gagimilicevic\">@gagimilicevic<\/a> \/&nbsp;<a href=\"https:\/\/dewploy.com\/\">dewploy.com<\/a><\/p>\n\t\t\t\t<\/div>\n\t\t\t<\/div>\n\n\t\t\n\t\t\t<div class=\"wcorg-organizer\">\n\t\t\t\t<h2>\u017darko Jovi\u0107<\/h2>\n\t\t\t\t<div class=\"wcorg-organizer-description\">\n\t\t\t\t\t\t\t\t\t\t<img alt='' src='https:\/\/secure.gravatar.com\/avatar\/ca147a1a4c77d8baa481cdefa98f29c8301088fd773821d4516e04574649d9bc?s=96&#038;d=mm&#038;r=g' srcset='https:\/\/secure.gravatar.com\/avatar\/ca147a1a4c77d8baa481cdefa98f29c8301088fd773821d4516e04574649d9bc?s=96&#038;d=mm&#038;r=g 2x' class='avatar avatar-96 photo' height='96' width='96' \/>\t\t\t\t\t\n<p> As a CEO of Dewploy.com, he helps creative agencies to deliver cutting edge WordPress solutions with focus on user experience and help them understand the latest trends in the industry. <\/p>\n\n\n\n<p><strong>Leskovac<\/strong> \/ <a href=\"https:\/\/twitter.com\/joviczarko\">@joviczarko<\/a> \/&nbsp;<a href=\"https:\/\/dewploy.com\/\">dewploy.com<\/a><\/p>\n\t\t\t\t<\/div>\n\t\t\t<\/div>\n\n\t\t\n\t\t\t<div class=\"wcorg-organizer\">\n\t\t\t\t<h2>Maja Stanimirovi\u0107<\/h2>\n\t\t\t\t<div class=\"wcorg-organizer-description\">\n\t\t\t\t\t\t\t\t\t\t<img alt='' src='https:\/\/secure.gravatar.com\/avatar\/6ee515dd375746d07f0d4a19082ddcc859f3c04b6603b95c30e1743fcbfb312c?s=96&#038;d=mm&#038;r=g' srcset='https:\/\/secure.gravatar.com\/avatar\/6ee515dd375746d07f0d4a19082ddcc859f3c04b6603b95c30e1743fcbfb312c?s=96&#038;d=mm&#038;r=g 2x' class='avatar avatar-96 photo' height='96' width='96' \/>\t\t\t\t\t\n<p>Marketing manager. WordPress enthusiast. Nomad at heart. <\/p>\n\n\n\n<p><strong>Ni\u0161<\/strong> \/ <a href=\"https:\/\/twitter.com\/cyrl220\">@cyrl220<\/a><\/p>\n\t\t\t\t<\/div>\n\t\t\t<\/div>\n\n\t\t\n\t\t\t<div class=\"wcorg-organizer\">\n\t\t\t\t<h2>Natalija Pej\u010dev<\/h2>\n\t\t\t\t<div class=\"wcorg-organizer-description\">\n\t\t\t\t\t\t\t\t\t\t<img alt='' src='https:\/\/secure.gravatar.com\/avatar\/43c2cc07fc2d306cf9ad05c77aa10b9963608d797f3ca153399466d01a4bb68f?s=96&#038;d=mm&#038;r=g' srcset='https:\/\/secure.gravatar.com\/avatar\/43c2cc07fc2d306cf9ad05c77aa10b9963608d797f3ca153399466d01a4bb68f?s=96&#038;d=mm&#038;r=g 2x' class='avatar avatar-96 photo' height='96' width='96' \/>\t\t\t\t\t\n<p>Serbian language student interested in everything else. In a mission to collect every possible skill, like pokemon. In love with mountains.<\/p>\n\n\n\n<p><strong>Ni\u0161<\/strong> \/ <a href=\"https:\/\/twitter.com\/tireksica\">@tireksica<\/a><\/p>\n\t\t\t\t<\/div>\n\t\t\t<\/div>\n\n\t\t\n\t\t\t<div class=\"wcorg-organizer\">\n\t\t\t\t<h2>Nikola Ili\u0107<\/h2>\n\t\t\t\t<div class=\"wcorg-organizer-description\">\n\t\t\t\t\t\t\t\t\t\t<img alt='' src='https:\/\/secure.gravatar.com\/avatar\/79b1fb4d7a04fb75d2f979fe875bcbee92d298c452005e810608364eb2206786?s=96&#038;d=mm&#038;r=g' srcset='https:\/\/secure.gravatar.com\/avatar\/79b1fb4d7a04fb75d2f979fe875bcbee92d298c452005e810608364eb2206786?s=96&#038;d=mm&#038;r=g 2x' class='avatar avatar-96 photo' height='96' width='96' \/>\t\t\t\t\t\n<p>Software engineer with 15 years of experience. CTO of DataWare Labs, UAE<\/p>\n\n\n\n<p><strong>UAE<\/strong> \/ <a rel=\"noreferrer noopener\" aria-label=\"@nikolatsu (opens in a new tab)\" href=\"https:\/\/twitter.com\/nikolatsu\" target=\"_blank\">@nikolatsu<\/a><\/p>\n\t\t\t\t<\/div>\n\t\t\t<\/div>\n\n\t\t\n\t<\/div><!-- .wcorg-organizers -->\n\t\n\n\n\n<hr class=\"wp-block-separator is-style-wide\" \/>\n\n\n\n<p style=\"text-align:left\"><a href=\"https:\/\/2019.nis.wordcamp.org\/organizatori\/\" class=\"wcnis-translation-link\">Pogledaj srpsku verziju<\/a><\/p>\n","protected":false},"excerpt":{"rendered":"<p>Pogledaj srpsku verziju<\/p>\n","protected":false},"author":14998211,"featured_media":0,"parent":0,"menu_order":0,"comment_status":"closed","ping_status":"closed","template":"","meta":{"jetpack_post_was_ever_published":false,"footnotes":""},"class_list":["post-12","page","type-page","status-publish","hentry"],"jetpack_sharing_enabled":true,"jetpack_shortlink":"https:\/\/wp.me\/Paxzx7-c","_links":{"self":[{"href":"https:\/\/nis.wordcamp.org\/2019\/wp-json\/wp\/v2\/pages\/12","targetHints":{"allow":["GET"]}}],"collection":[{"href":"https:\/\/nis.wordcamp.org\/2019\/wp-json\/wp\/v2\/pages"}],"about":[{"href":"https:\/\/nis.wordcamp.org\/2019\/wp-json\/wp\/v2\/types\/page"}],"author":[{"embeddable":true,"href":"https:\/\/nis.wordcamp.org\/2019\/wp-json\/wp\/v2\/users\/14998211"}],"replies":[{"embeddable":true,"href":"https:\/\/nis.wordcamp.org\/2019\/wp-json\/wp\/v2\/comments?post=12"}],"version-history":[{"count":6,"href":"https:\/\/nis.wordcamp.org\/2019\/wp-json\/wp\/v2\/pages\/12\/revisions"}],"predecessor-version":[{"id":1067,"href":"https:\/\/nis.wordcamp.org\/2019\/wp-json\/wp\/v2\/pages\/12\/revisions\/1067"}],"wp:attachment":[{"href":"https:\/\/nis.wordcamp.org\/2019\/wp-json\/wp\/v2\/media?parent=12"}],"curies":[{"name":"wp","href":"https:\/\/api.w.org\/{rel}","templated":true}]}}