{"id":1393,"date":"2019-03-29T12:54:57","date_gmt":"2019-03-29T11:54:57","guid":{"rendered":"https:\/\/2019.nis.wordcamp.org\/?page_id=1393"},"modified":"2019-04-03T11:14:14","modified_gmt":"2019-04-03T09:14:14","slug":"peepso","status":"publish","type":"page","link":"https:\/\/nis.wordcamp.org\/2019\/sponzori\/peepso\/","title":{"rendered":"PeepSo"},"content":{"rendered":"\n<div class=\"clearfix\" style=\"padding: 2rem;0\"><\/div>\n\n\n\n<figure class=\"wp-block-image is-resized\"><img loading=\"lazy\" decoding=\"async\" src=\"https:\/\/2019.nis.wordcamp.org\/files\/2019\/03\/peepso-logo-1.png\" alt=\"\" class=\"wp-image-1394\" width=\"548\" height=\"110\" srcset=\"https:\/\/nis.wordcamp.org\/2019\/files\/2019\/03\/peepso-logo-1.png 626w, https:\/\/nis.wordcamp.org\/2019\/files\/2019\/03\/peepso-logo-1-300x60.png 300w, https:\/\/nis.wordcamp.org\/2019\/files\/2019\/03\/peepso-logo-1-500x101.png 500w\" sizes=\"auto, (max-width: 548px) 100vw, 548px\" \/><\/figure>\n\n\n\n<p><a href=\"https:\/\/www.peepso.com\/\" rel=\"nofollow\">PeepSo<\/a> vam omogu\u0107ava da bez muka kreirate sopstvenu onlajn zajednicu u okviru WordPress sajta. Na raspolaganju su vam prelepi korisni\u010dki profili, mogu\u0107nost registracije, filtriranje tokova aktivnosti, obave\u0161tenja i mejlovi u realnom vremenu, upotreba he\u0161tegova, potpuna kontrola bezbednosti i privatnosti svih korisni\u010dkih podataka i mnogo drugih funkcija.<\/p>\n\n\n\n<p>Na\u0161 primarni cilj pri razvoju ovog dodatka za dru\u0161tveno umre\u017eavanje bio je da onima koji \u017eele da stvore zajednicu sa WordPress-om omogu\u0107imo da to urade na jednostavan na\u010din.<\/p>\n\n\n\n<p>Mo\u017eete dodati PeepSo funkcije sa ekstenzijama, kao \u0161to su: dodavanje prijatelja, fotografija, audio ili video-materijala, grupa i jo\u0161 mnogo toga. Stvaranje sopstvene zajednice daje vam potpunu kontrolu nad svim njenim aspektima. S obzirom na to da je PeepSo otvoreni softver sa mogu\u0107no\u0161\u0107u trajne licence, mo\u017eete ga prilagoditi tako da stvorite najbolje iskustvo dru\u0161tvenog umre\u017eavanja za vas i va\u0161e korisnike. Integrisanjem WooCommerce-a, LearnDash-a, AdvancedAds-a i drugih mo\u017eete unov\u010diti svoju zajednicu.<\/p>\n\n\n\n<p>PeepSo nudi i Gecko temu, koja o\u017eivljava va\u0161 sajt. Uz sve to, dobi\u0107ete podr\u0161ku od ljudi sa neverovatnim re\u0161enjima.<br><br><\/p>\n\n\n\n<p> To je va\u0161a zajednica. Va\u0161 na\u010din. Tako je lako! <\/p>\n\n\n\n<p style=\"text-align:left\"><a href=\"https:\/\/2019.nis.wordcamp.org\/sponsor\/peepso\/\" style=\"font-weight: 300\">Check English version<\/a><\/p>\n","protected":false},"excerpt":{"rendered":"<p>PeepSo vam omogu\u0107ava da bez muka kreirate sopstvenu onlajn zajednicu u okviru WordPress sajta. Na raspolaganju su vam prelepi korisni\u010dki profili, mogu\u0107nost registracije, filtriranje tokova aktivnosti, obave\u0161tenja i mejlovi u realnom vremenu, upotreba he\u0161tegova, potpuna kontrola bezbednosti i privatnosti svih korisni\u010dkih podataka i mnogo drugih funkcija. Na\u0161 primarni cilj pri razvoju ovog dodatka za dru\u0161tveno [&hellip;]<\/p>\n","protected":false},"author":15181624,"featured_media":0,"parent":564,"menu_order":0,"comment_status":"closed","ping_status":"closed","template":"","meta":{"jetpack_post_was_ever_published":false,"footnotes":""},"class_list":["post-1393","page","type-page","status-publish","hentry"],"jetpack_sharing_enabled":true,"jetpack_shortlink":"https:\/\/wp.me\/Paxzx7-mt","_links":{"self":[{"href":"https:\/\/nis.wordcamp.org\/2019\/wp-json\/wp\/v2\/pages\/1393","targetHints":{"allow":["GET"]}}],"collection":[{"href":"https:\/\/nis.wordcamp.org\/2019\/wp-json\/wp\/v2\/pages"}],"about":[{"href":"https:\/\/nis.wordcamp.org\/2019\/wp-json\/wp\/v2\/types\/page"}],"author":[{"embeddable":true,"href":"https:\/\/nis.wordcamp.org\/2019\/wp-json\/wp\/v2\/users\/15181624"}],"replies":[{"embeddable":true,"href":"https:\/\/nis.wordcamp.org\/2019\/wp-json\/wp\/v2\/comments?post=1393"}],"version-history":[{"count":6,"href":"https:\/\/nis.wordcamp.org\/2019\/wp-json\/wp\/v2\/pages\/1393\/revisions"}],"predecessor-version":[{"id":1509,"href":"https:\/\/nis.wordcamp.org\/2019\/wp-json\/wp\/v2\/pages\/1393\/revisions\/1509"}],"up":[{"embeddable":true,"href":"https:\/\/nis.wordcamp.org\/2019\/wp-json\/wp\/v2\/pages\/564"}],"wp:attachment":[{"href":"https:\/\/nis.wordcamp.org\/2019\/wp-json\/wp\/v2\/media?parent=1393"}],"curies":[{"name":"wp","href":"https:\/\/api.w.org\/{rel}","templated":true}]}}