{"id":1465,"date":"2019-04-02T09:43:48","date_gmt":"2019-04-02T07:43:48","guid":{"rendered":"https:\/\/2019.nis.wordcamp.org\/?page_id=1465"},"modified":"2019-04-03T12:13:30","modified_gmt":"2019-04-03T10:13:30","slug":"plesk","status":"publish","type":"page","link":"https:\/\/nis.wordcamp.org\/2019\/sponzori\/plesk\/","title":{"rendered":"Plesk"},"content":{"rendered":"\n<div class=\"clearfix\" style=\"padding: 2rem;0\"><\/div>\n\n\n\n<figure class=\"wp-block-image is-resized\"><img loading=\"lazy\" decoding=\"async\" src=\"https:\/\/2019.nis.wordcamp.org\/files\/2019\/04\/plesk_logo_4c_primary_positive_cmyk.jpg\" alt=\"\" class=\"wp-image-1462\" width=\"471\" height=\"267\" srcset=\"https:\/\/nis.wordcamp.org\/2019\/files\/2019\/04\/plesk_logo_4c_primary_positive_cmyk.jpg 685w, https:\/\/nis.wordcamp.org\/2019\/files\/2019\/04\/plesk_logo_4c_primary_positive_cmyk-300x170.jpg 300w, https:\/\/nis.wordcamp.org\/2019\/files\/2019\/04\/plesk_logo_4c_primary_positive_cmyk-500x284.jpg 500w\" sizes=\"auto, (max-width: 471px) 100vw, 471px\" \/><\/figure>\n\n\n\n<p><a href=\"https:\/\/www.plesk.com\/\" rel=\"nofollow\">Plesk<\/a> je dugogodi\u0161nja WebOps i hosting platforma, koja pojednostavljuje \u017eivot web-profesionalaca i poslodavaca. Kako? Automatizacijom, pokretanjem i rastom aplikacija, web-mesta i hosting kompanija. Uz stalna pobolj\u0161anja iskustva, sigurnosti, performansi i fleksibilnosti. Jedinstveno na ovoj kontrolnoj tabli je njen ekosistem koji mo\u017ee da se pro\u0161iri da biste uklju\u010dili sve dodatne alate koji su vam potrebni.<\/p>\n\n\n\n<p>Kori\u0161\u0107enjem Plesk WordPress Toolkit-a olak\u0161a\u0107ete i ubza\u0107ete razvoj, implementaciju, menad\u017ement i upravljanje WP instancama. Jednim klikom mo\u017eete napraviti i klonirati pa testirati ideje pre nego \u0161to zapo\u010dnete masovno i daljinsko upravljanje temama i dodacima, i jo\u0161 mnogo toga. Nema servera? Nema briga \u2013 Plesk \u010duva podatke na vi\u0161e Cloud servisa. To je ujedno i jedina agnosti\u010dka platforma, \u0161to obja\u0161njava za\u0161to upravljamo, osiguravamo i radimo na +380K servera, +11M sajtova i +19M servisa za po\u0161tu.<\/p>\n\n\n\n<p>Istra\u017eite Presk-ovog partnera, prodavca hostinga i DebOps kanale.<\/p>\n\n\n\n<p style=\"text-align:left\"><a href=\"https:\/\/2019.nis.wordcamp.org\/sponsor\/plesk\/\" style=\"font-weight: 300\">Check English version<\/a><\/p>\n","protected":false},"excerpt":{"rendered":"<p>Plesk je dugogodi\u0161nja WebOps i hosting platforma, koja pojednostavljuje \u017eivot web-profesionalaca i poslodavaca. Kako? Automatizacijom, pokretanjem i rastom aplikacija, web-mesta i hosting kompanija. Uz stalna pobolj\u0161anja iskustva, sigurnosti, performansi i fleksibilnosti. Jedinstveno na ovoj kontrolnoj tabli je njen ekosistem koji mo\u017ee da se pro\u0161iri da biste uklju\u010dili sve dodatne alate koji su vam potrebni. Kori\u0161\u0107enjem [&hellip;]<\/p>\n","protected":false},"author":15181624,"featured_media":0,"parent":564,"menu_order":0,"comment_status":"closed","ping_status":"closed","template":"","meta":{"jetpack_post_was_ever_published":false,"footnotes":""},"class_list":["post-1465","page","type-page","status-publish","hentry"],"jetpack_sharing_enabled":true,"jetpack_shortlink":"https:\/\/wp.me\/Paxzx7-nD","_links":{"self":[{"href":"https:\/\/nis.wordcamp.org\/2019\/wp-json\/wp\/v2\/pages\/1465","targetHints":{"allow":["GET"]}}],"collection":[{"href":"https:\/\/nis.wordcamp.org\/2019\/wp-json\/wp\/v2\/pages"}],"about":[{"href":"https:\/\/nis.wordcamp.org\/2019\/wp-json\/wp\/v2\/types\/page"}],"author":[{"embeddable":true,"href":"https:\/\/nis.wordcamp.org\/2019\/wp-json\/wp\/v2\/users\/15181624"}],"replies":[{"embeddable":true,"href":"https:\/\/nis.wordcamp.org\/2019\/wp-json\/wp\/v2\/comments?post=1465"}],"version-history":[{"count":2,"href":"https:\/\/nis.wordcamp.org\/2019\/wp-json\/wp\/v2\/pages\/1465\/revisions"}],"predecessor-version":[{"id":1511,"href":"https:\/\/nis.wordcamp.org\/2019\/wp-json\/wp\/v2\/pages\/1465\/revisions\/1511"}],"up":[{"embeddable":true,"href":"https:\/\/nis.wordcamp.org\/2019\/wp-json\/wp\/v2\/pages\/564"}],"wp:attachment":[{"href":"https:\/\/nis.wordcamp.org\/2019\/wp-json\/wp\/v2\/media?parent=1465"}],"curies":[{"name":"wp","href":"https:\/\/api.w.org\/{rel}","templated":true}]}}