{"id":1521,"date":"2019-04-03T22:08:33","date_gmt":"2019-04-03T20:08:33","guid":{"rendered":"https:\/\/2019.nis.wordcamp.org\/?page_id=1521"},"modified":"2019-05-13T14:01:06","modified_gmt":"2019-05-13T12:01:06","slug":"mcloud","status":"publish","type":"page","link":"https:\/\/nis.wordcamp.org\/2019\/sponzori\/mcloud\/","title":{"rendered":"mCloud"},"content":{"rendered":"\n<div class=\"clearfix\" style=\"padding: 2rem;0\"><\/div>\n\n\n\n<figure class=\"wp-block-image\"><img loading=\"lazy\" decoding=\"async\" width=\"1024\" height=\"331\" src=\"https:\/\/2019.nis.wordcamp.org\/files\/2019\/04\/mcloud-logo-1024x331.png\" alt=\"\" class=\"wp-image-1517\" srcset=\"https:\/\/nis.wordcamp.org\/2019\/files\/2019\/04\/mcloud-logo-1024x331.png 1024w, https:\/\/nis.wordcamp.org\/2019\/files\/2019\/04\/mcloud-logo-300x97.png 300w, https:\/\/nis.wordcamp.org\/2019\/files\/2019\/04\/mcloud-logo-768x248.png 768w, https:\/\/nis.wordcamp.org\/2019\/files\/2019\/04\/mcloud-logo-500x162.png 500w, https:\/\/nis.wordcamp.org\/2019\/files\/2019\/04\/mcloud-logo.png 1417w\" sizes=\"auto, (max-width: 1024px) 100vw, 1024px\" \/><\/figure>\n\n\n\n<p class=\"wp-block-paragraph\">\nKa\u017eu\nda<strong>\nnajbolji biraju najbolje!&nbsp;<\/strong>Pose\u0107eni\ni uspe\u0161ni sajtovi se hostuju na&nbsp;<a href=\"https:\/\/www.mcloud.rs\/\" rel=\"nofollow\">mCloud<\/a>\nplatformi koja obezbe\u0111uje profesionalna hosting re\u0161enja,\nzna\u010dajno naprednija od tradicionalnih, prvenstveno u pogledu\nredundantnosti, fleksibilnosti i skalabilnosti, kao i SLA garancija.\nSva re\u0161enja su proizvod doma\u0107ih stru\u010dnjaka uz opremu koja se\nnalazi na teritoriji Srbije sa lokalnom podr\u0161kom. Za mCloud se\nopredeljuju klijenti koji o\u010dekuju najvi\u0161i kvalitet usluga i\nzasnivaju poslovanje na internet prisustvu.&nbsp;&nbsp;Obezbedite i\nvi stabilan i brz hosting za va\u0161 sajt:<\/p>\n\n\n\n<p class=\"wp-block-paragraph\">\n\u2705&nbsp;Serveri\nu Srbiji<br>\n\u2705&nbsp;SSD\ndiskovi velike brzine<br>\n\u2705&nbsp;99.99%\ngarantovani uptime<br>\n\u2705&nbsp;Pove\u0107anje\nili smanjenje resursa u bilo kom trenutku!<\/p>\n\n\n\n<p class=\"wp-block-paragraph\">mCloud porodicu od skoro \u010dini i <a href=\"https:\/\/www.plus.rs\/\">Plus Hosting<\/a>,&nbsp;koji se prepoznaje po shared hostingu i vanredno posve\u0107enoj podr\u0161ci koja je postala prepoznatljivi deo ovog brenda. Response time je veoma kratak, a re\u0161avanje korisni\u010dkih problema ne podrazumeva puko odr\u017eavanje hosting platforme, ve\u0107 pravu pomo\u0107 u poslovanju, \u010dak i optimizaciju sajtova.<\/p>\n\n\n\n<p class=\"wp-block-paragraph\"> Ponuda Plus hostinga podrazumeva i aplikaciju za brzu instalaciju WordPressa, kao i ostalih popularnih aplikacija koje se sve mogu instalirati na klik. Uz hosting paket se dobija i besplatan SSL sertifikat, backup i migracija sajta.<br><\/p>\n\n\n\n<p class=\"wp-block-paragraph\">\nUkoliko\nse bavite izradom web aplikacija, Plus Hosting nudi interesantnu\nponudu <em>Reseller<\/em>\npaketa koji su zasnovani na WHM\/cPanel platformi, pa su veoma laki i\njednostavni za kori\u0161\u0107enje. Ovi paketi daju mogu\u0107nosti da hostujete\nsve va\u0161e klijente na jednom mestu, a da fizi\u010dki razdvojite njihove\nnaloge i aplikacije na zasebne cPanel pakete formirane u skladu sa\nva\u0161om ponudom.<\/p>\n\n\n\n<p class=\"wp-block-paragraph\">\n<a href=\"https:\/\/www.mcloud.rs\/\" rel=\"nofollow\">mCloud<\/a>\ni <a href=\"https:\/\/www.plus.rs\/\">Plus<\/a>\ntimovi vole dobar izazov \u2013 bez obzira koji tip usluge vam je\npotreban, oni imaju odgovaraju\u0107e re\u0161enje za vas.<\/p>\n\n\n\n<p class=\"wp-block-paragraph\"><\/p>\n\n\n\n<p style=\"text-align:left\"><a href=\"https:\/\/2019.nis.wordcamp.org\/sponsor\/mcloud\/\" style=\"font-weight: 300\">Check English version<\/a><\/p>\n","protected":false},"excerpt":{"rendered":"<p>Ka\u017eu da najbolji biraju najbolje!&nbsp;Pose\u0107eni i uspe\u0161ni sajtovi se hostuju na&nbsp;mCloud platformi koja obezbe\u0111uje profesionalna hosting re\u0161enja, zna\u010dajno naprednija od tradicionalnih, prvenstveno u pogledu redundantnosti, fleksibilnosti i skalabilnosti, kao i SLA garancija. Sva re\u0161enja su proizvod doma\u0107ih stru\u010dnjaka uz opremu koja se nalazi na teritoriji Srbije sa lokalnom podr\u0161kom. Za mCloud se opredeljuju klijenti koji [&hellip;]<\/p>\n","protected":false},"author":16829680,"featured_media":0,"parent":564,"menu_order":0,"comment_status":"closed","ping_status":"closed","template":"","meta":{"_crdt_document":"","jetpack_post_was_ever_published":false,"footnotes":""},"class_list":["post-1521","page","type-page","status-publish","hentry"],"jetpack_sharing_enabled":true,"jetpack_shortlink":"https:\/\/wp.me\/PheHCg-ox","_links":{"self":[{"href":"https:\/\/nis.wordcamp.org\/2019\/wp-json\/wp\/v2\/pages\/1521","targetHints":{"allow":["GET"]}}],"collection":[{"href":"https:\/\/nis.wordcamp.org\/2019\/wp-json\/wp\/v2\/pages"}],"about":[{"href":"https:\/\/nis.wordcamp.org\/2019\/wp-json\/wp\/v2\/types\/page"}],"author":[{"embeddable":true,"href":"https:\/\/nis.wordcamp.org\/2019\/wp-json\/wp\/v2\/users\/16829680"}],"replies":[{"embeddable":true,"href":"https:\/\/nis.wordcamp.org\/2019\/wp-json\/wp\/v2\/comments?post=1521"}],"version-history":[{"count":7,"href":"https:\/\/nis.wordcamp.org\/2019\/wp-json\/wp\/v2\/pages\/1521\/revisions"}],"predecessor-version":[{"id":2697,"href":"https:\/\/nis.wordcamp.org\/2019\/wp-json\/wp\/v2\/pages\/1521\/revisions\/2697"}],"up":[{"embeddable":true,"href":"https:\/\/nis.wordcamp.org\/2019\/wp-json\/wp\/v2\/pages\/564"}],"wp:attachment":[{"href":"https:\/\/nis.wordcamp.org\/2019\/wp-json\/wp\/v2\/media?parent=1521"}],"curies":[{"name":"wp","href":"https:\/\/api.w.org\/{rel}","templated":true}]}}