{"id":1645,"date":"2019-04-04T20:20:14","date_gmt":"2019-04-04T18:20:14","guid":{"rendered":"https:\/\/2019.nis.wordcamp.org\/?page_id=1645"},"modified":"2019-04-23T19:32:09","modified_gmt":"2019-04-23T17:32:09","slug":"shindiri-studio","status":"publish","type":"page","link":"https:\/\/nis.wordcamp.org\/2019\/sponzori\/shindiri-studio\/","title":{"rendered":"Shindiri Studio"},"content":{"rendered":"\n<div class=\"clearfix\" style=\"padding: 2rem;0\"><\/div>\n\n\n\n<figure class=\"wp-block-image\"><img loading=\"lazy\" decoding=\"async\" width=\"576\" height=\"140\" src=\"https:\/\/2019.nis.wordcamp.org\/files\/2019\/04\/shindirimindiri_logo_.png\" alt=\"\" class=\"wp-image-1531\" srcset=\"https:\/\/nis.wordcamp.org\/2019\/files\/2019\/04\/shindirimindiri_logo_.png 576w, https:\/\/nis.wordcamp.org\/2019\/files\/2019\/04\/shindirimindiri_logo_-300x73.png 300w, https:\/\/nis.wordcamp.org\/2019\/files\/2019\/04\/shindirimindiri_logo_-500x122.png 500w\" sizes=\"auto, (max-width: 576px) 100vw, 576px\" \/><\/figure>\n\n\n\n<p><strong><a href=\"https:\/\/www.shindiristudio.com\/\" rel=\"nofollow\">Shindiri Studio<\/a><\/strong> je kompanija koja se bavi dizajnom i razvojem re\u0161enja prilago\u0111enih Vordpresu za klijente iz celog sveta.<br><\/p>\n\n\n\n<p>Na\u0161 tim \u010dine profesionalci, stru\u010dnjaci u svojim oblastima, a iskustvo u organizaciji i upravljanju projektima daje nam kredibilitet u domenu na\u0161eg poslovanja &#8211; zbog toga smo odli\u010dni partneri za razvoj malih ali i slo\u017eenijih projekata.<br><\/p>\n\n\n\n<p>Deo smo Envato marketa kao elitni autori, na kojem razvijamo teme i dodatke za korisnike \u0161irom sveta.<\/p>\n\n\n\n<p>Na\u0161 portfolio uklju\u010duje razvoj re\u0161enja prilago\u0111enih Vordpresu, UX\/UI dizajnu, kao i kreiranje veb re\u0161enja kori\u0161\u0107enjem radnih okvira.<\/p>\n\n\n\n<p>Neki od na\u0161ih klijenata su: Sat Media Group, Fitofert, Ergomade, Red Bull, Addidas, Mercedes, KLM Royal Dutch Lines, Belgrade Fair i mnogi drugi.<\/p>\n\n\n\n<p>Kao kompanija trudimo se da vra\u0107amo zajednici i motivi\u0161emo na\u0161e zaposlene da aktivno u\u010destvuju u Vordpres doga\u0111ajima.<\/p>\n\n\n\n<p style=\"text-align:left\"><a href=\"https:\/\/2019.nis.wordcamp.org\/sponsor\/shindiri-studio\/\" style=\"font-weight: 300\">Check English version<\/a><\/p>\n","protected":false},"excerpt":{"rendered":"<p>Shindiri Studio je kompanija koja se bavi dizajnom i razvojem re\u0161enja prilago\u0111enih Vordpresu za klijente iz celog sveta. Na\u0161 tim \u010dine profesionalci, stru\u010dnjaci u svojim oblastima, a iskustvo u organizaciji i upravljanju projektima daje nam kredibilitet u domenu na\u0161eg poslovanja &#8211; zbog toga smo odli\u010dni partneri za razvoj malih ali i slo\u017eenijih projekata. Deo smo [&hellip;]<\/p>\n","protected":false},"author":15181624,"featured_media":0,"parent":564,"menu_order":0,"comment_status":"closed","ping_status":"closed","template":"","meta":{"jetpack_post_was_ever_published":false,"footnotes":""},"class_list":["post-1645","page","type-page","status-publish","hentry"],"jetpack_sharing_enabled":true,"jetpack_shortlink":"https:\/\/wp.me\/Paxzx7-qx","_links":{"self":[{"href":"https:\/\/nis.wordcamp.org\/2019\/wp-json\/wp\/v2\/pages\/1645","targetHints":{"allow":["GET"]}}],"collection":[{"href":"https:\/\/nis.wordcamp.org\/2019\/wp-json\/wp\/v2\/pages"}],"about":[{"href":"https:\/\/nis.wordcamp.org\/2019\/wp-json\/wp\/v2\/types\/page"}],"author":[{"embeddable":true,"href":"https:\/\/nis.wordcamp.org\/2019\/wp-json\/wp\/v2\/users\/15181624"}],"replies":[{"embeddable":true,"href":"https:\/\/nis.wordcamp.org\/2019\/wp-json\/wp\/v2\/comments?post=1645"}],"version-history":[{"count":3,"href":"https:\/\/nis.wordcamp.org\/2019\/wp-json\/wp\/v2\/pages\/1645\/revisions"}],"predecessor-version":[{"id":2059,"href":"https:\/\/nis.wordcamp.org\/2019\/wp-json\/wp\/v2\/pages\/1645\/revisions\/2059"}],"up":[{"embeddable":true,"href":"https:\/\/nis.wordcamp.org\/2019\/wp-json\/wp\/v2\/pages\/564"}],"wp:attachment":[{"href":"https:\/\/nis.wordcamp.org\/2019\/wp-json\/wp\/v2\/media?parent=1645"}],"curies":[{"name":"wp","href":"https:\/\/api.w.org\/{rel}","templated":true}]}}