{"id":1654,"date":"2019-04-04T20:30:50","date_gmt":"2019-04-04T18:30:50","guid":{"rendered":"https:\/\/2019.nis.wordcamp.org\/?page_id=1654"},"modified":"2019-05-11T13:53:59","modified_gmt":"2019-05-11T11:53:59","slug":"meks","status":"publish","type":"page","link":"https:\/\/nis.wordcamp.org\/2019\/sponzori\/meks\/","title":{"rendered":"Meks"},"content":{"rendered":"\n<div class=\"clearfix\" style=\"padding: 2rem;0\"><\/div>\n\n\n\n<figure class=\"wp-block-image\"><img loading=\"lazy\" decoding=\"async\" width=\"1024\" height=\"424\" src=\"https:\/\/2019.nis.wordcamp.org\/files\/2019\/04\/meks_logo_1200-1024x424.png\" alt=\"\" class=\"wp-image-1651\" srcset=\"https:\/\/nis.wordcamp.org\/2019\/files\/2019\/04\/meks_logo_1200-1024x424.png 1024w, https:\/\/nis.wordcamp.org\/2019\/files\/2019\/04\/meks_logo_1200-300x124.png 300w, https:\/\/nis.wordcamp.org\/2019\/files\/2019\/04\/meks_logo_1200-768x318.png 768w, https:\/\/nis.wordcamp.org\/2019\/files\/2019\/04\/meks_logo_1200-500x207.png 500w, https:\/\/nis.wordcamp.org\/2019\/files\/2019\/04\/meks_logo_1200.png 1200w\" sizes=\"auto, (max-width: 1024px) 100vw, 1024px\" \/><\/figure>\n\n\n\n<p>Meks je tim strastvenih profesionalaca iz Srbije, posve\u0107en pru\u017eanju vrhunskih WordPress usluga i proizvoda, koji od 2013. vode uspe\u0161an posao u razvoju WordPress tema.  Njihove premium teme i dodatke koristi vi\u0161e od 40.000 korisnika \u0161irom sveta.<\/p>\n\n\n\n<p>Iako imaju raznovrsne proizvode, razli\u010dite klijente sa razli\u010ditim preduze\u0107ima i idejama, njihov put vodi ka jednom cilju, a to je da pomogne ljudima da postignu najbolju mogu\u0107u prisutnost na vebu koriste\u0107i VordPress teme koje su pa\u017eljivo izra\u0111ene, lako se koriste pode\u0161avanje, kori\u0161\u0107enje i odr\u017eavanje.<\/p>\n\n\n\n<p>Treba vam WordPress sajt? Bi\u0107e vam potrebna neka od\u00a0<a href=\"http:\/\/mekshq.com\/\" target=\"_blank\" rel=\"noreferrer noopener nofollow\">na\u0161ih tema.<\/a><\/p>\n\n\n\n<p style=\"text-align:left\"><a href=\"https:\/\/2019.nis.wordcamp.org\/sponsor\/meks\/\" style=\"font-weight: 300\">Check English version<\/a><\/p>\n","protected":false},"excerpt":{"rendered":"<p>Meks je tim strastvenih profesionalaca iz Srbije, posve\u0107en pru\u017eanju vrhunskih WordPress usluga i proizvoda, koji od 2013. vode uspe\u0161an posao u razvoju WordPress tema. Njihove premium teme i dodatke koristi vi\u0161e od 40.000 korisnika \u0161irom sveta. Iako imaju raznovrsne proizvode, razli\u010dite klijente sa razli\u010ditim preduze\u0107ima i idejama, njihov put vodi ka jednom cilju, a to [&hellip;]<\/p>\n","protected":false},"author":15181624,"featured_media":0,"parent":564,"menu_order":0,"comment_status":"closed","ping_status":"closed","template":"","meta":{"jetpack_post_was_ever_published":false,"footnotes":""},"class_list":["post-1654","page","type-page","status-publish","hentry"],"jetpack_sharing_enabled":true,"jetpack_shortlink":"https:\/\/wp.me\/Paxzx7-qG","_links":{"self":[{"href":"https:\/\/nis.wordcamp.org\/2019\/wp-json\/wp\/v2\/pages\/1654","targetHints":{"allow":["GET"]}}],"collection":[{"href":"https:\/\/nis.wordcamp.org\/2019\/wp-json\/wp\/v2\/pages"}],"about":[{"href":"https:\/\/nis.wordcamp.org\/2019\/wp-json\/wp\/v2\/types\/page"}],"author":[{"embeddable":true,"href":"https:\/\/nis.wordcamp.org\/2019\/wp-json\/wp\/v2\/users\/15181624"}],"replies":[{"embeddable":true,"href":"https:\/\/nis.wordcamp.org\/2019\/wp-json\/wp\/v2\/comments?post=1654"}],"version-history":[{"count":3,"href":"https:\/\/nis.wordcamp.org\/2019\/wp-json\/wp\/v2\/pages\/1654\/revisions"}],"predecessor-version":[{"id":2624,"href":"https:\/\/nis.wordcamp.org\/2019\/wp-json\/wp\/v2\/pages\/1654\/revisions\/2624"}],"up":[{"embeddable":true,"href":"https:\/\/nis.wordcamp.org\/2019\/wp-json\/wp\/v2\/pages\/564"}],"wp:attachment":[{"href":"https:\/\/nis.wordcamp.org\/2019\/wp-json\/wp\/v2\/media?parent=1654"}],"curies":[{"name":"wp","href":"https:\/\/api.w.org\/{rel}","templated":true}]}}