{"id":1881,"date":"2019-04-16T10:18:40","date_gmt":"2019-04-16T08:18:40","guid":{"rendered":"https:\/\/2019.nis.wordcamp.org\/?page_id=1881"},"modified":"2019-04-16T10:26:40","modified_gmt":"2019-04-16T08:26:40","slug":"better-collective","status":"publish","type":"page","link":"https:\/\/nis.wordcamp.org\/2019\/sponzori\/better-collective\/","title":{"rendered":"Better Collective"},"content":{"rendered":"\n<div class=\"clearfix\" style=\"padding: 2rem;0\"><\/div>\n\n\n\n<figure class=\"wp-block-image is-resized\"><img loading=\"lazy\" decoding=\"async\" src=\"https:\/\/2019.nis.wordcamp.org\/files\/2019\/04\/bc-logo.png\" alt=\"\" class=\"wp-image-1879\" width=\"459\" height=\"103\" srcset=\"https:\/\/nis.wordcamp.org\/2019\/files\/2019\/04\/bc-logo.png 995w, https:\/\/nis.wordcamp.org\/2019\/files\/2019\/04\/bc-logo-300x68.png 300w, https:\/\/nis.wordcamp.org\/2019\/files\/2019\/04\/bc-logo-768x173.png 768w, https:\/\/nis.wordcamp.org\/2019\/files\/2019\/04\/bc-logo-500x113.png 500w\" sizes=\"auto, (max-width: 459px) 100vw, 459px\" \/><\/figure>\n\n\n\n<p>Better Collective d.o.o. Ni\u0161 je deo danske IT kompanije <a href=\"https:\/\/bettercollective.com\/\" rel=\"nofollow\">Better Collective<\/a>, koja je lider u kreiranju edukativnih platformi za iGaming industriju.<\/p>\n\n\n\n<p>Zahvaljuju\u0107i\nsvojim platformama i alatima Better Collective povezuje korisnike sa\niGaming operaterima koji odgovaraju njihovim potrebama.\nTransparentnost je jedna od osnovnih vrednosti Better Collective-a i\nona je klju\u010dna za svaku akciju koja se preduzima.<\/p>\n\n\n\n<p>U\nsvom portfoliju Better Collective ima vi\u0161e od 2000 sajtova koji su\nposve\u0107eni edukaciji korisnika, kao i obezbe\u0111ivanju ta\u010dnih i\npravovremenih informacija, a sve u cilju da u\u010dini sportsko kla\u0111enje\ni iGaming zabavnim, transparentnim i fer.<\/p>\n\n\n\n<p>Better\nCollective su 2004. godine osnovali Jasper Segor i Kristian Kirk\nRasmusen kao start-up kompaniju. Danas Better Collective ima vi\u0161e od\n300 zaposlenih i kancelarije u sedam evropskih dr\u017eava &#8211; Danskoj,\nSrbiji, \u0160vedskoj, Austriji, Gr\u010dkoj, Francuskoj i Poljskoj.<\/p>\n\n\n\n<p>Ni\u0161\nje bio prvi grad u kome je Better Collective otvorio kancelarije\nizvan Danske. Od 2016. do danas postignut je ogroman uspeh. Sada u\nNi\u0161u ima vi\u0161e od 80 zaposlenih, a u planu je da taj broj bude\nudvostru\u010den.<\/p>\n\n\n\n<p>Insistiramo\nna primeni skandinavskog modela poslovanja u svim na\u0161im\nkancelarijama \u0161irom Evrope. Na\u0161i zaposleni rade pod jednakim\nuslovima, bez obzira na lokaciju. \n<\/p>\n\n\n\n<p>Po\u0161to nam je primarni cilj da zaposleni budu zadovoljni na svom radnom mestu, omogu\u0107ili smo konkurentne plate, stalnu edukaciju, privatno zdravstveno osiguranje, fleksibilno radno vreme, obrok u na\u0161oj kantini i jo\u0161 mnogo toga.<\/p>\n\n\n\n<p style=\"text-align:left\"><a href=\"https:\/\/2019.nis.wordcamp.org\/sponsor\/better-collective\/\" style=\"font-weight: 300\">Check English version<\/a><\/p>\n","protected":false},"excerpt":{"rendered":"<p>Better Collective d.o.o. Ni\u0161 je deo danske IT kompanije Better Collective, koja je lider u kreiranju edukativnih platformi za iGaming industriju. Zahvaljuju\u0107i svojim platformama i alatima Better Collective povezuje korisnike sa iGaming operaterima koji odgovaraju njihovim potrebama. Transparentnost je jedna od osnovnih vrednosti Better Collective-a i ona je klju\u010dna za svaku akciju koja se preduzima. [&hellip;]<\/p>\n","protected":false},"author":15181624,"featured_media":0,"parent":564,"menu_order":0,"comment_status":"closed","ping_status":"closed","template":"","meta":{"jetpack_post_was_ever_published":false,"footnotes":""},"class_list":["post-1881","page","type-page","status-publish","hentry"],"jetpack_sharing_enabled":true,"jetpack_shortlink":"https:\/\/wp.me\/Paxzx7-ul","_links":{"self":[{"href":"https:\/\/nis.wordcamp.org\/2019\/wp-json\/wp\/v2\/pages\/1881","targetHints":{"allow":["GET"]}}],"collection":[{"href":"https:\/\/nis.wordcamp.org\/2019\/wp-json\/wp\/v2\/pages"}],"about":[{"href":"https:\/\/nis.wordcamp.org\/2019\/wp-json\/wp\/v2\/types\/page"}],"author":[{"embeddable":true,"href":"https:\/\/nis.wordcamp.org\/2019\/wp-json\/wp\/v2\/users\/15181624"}],"replies":[{"embeddable":true,"href":"https:\/\/nis.wordcamp.org\/2019\/wp-json\/wp\/v2\/comments?post=1881"}],"version-history":[{"count":4,"href":"https:\/\/nis.wordcamp.org\/2019\/wp-json\/wp\/v2\/pages\/1881\/revisions"}],"predecessor-version":[{"id":1888,"href":"https:\/\/nis.wordcamp.org\/2019\/wp-json\/wp\/v2\/pages\/1881\/revisions\/1888"}],"up":[{"embeddable":true,"href":"https:\/\/nis.wordcamp.org\/2019\/wp-json\/wp\/v2\/pages\/564"}],"wp:attachment":[{"href":"https:\/\/nis.wordcamp.org\/2019\/wp-json\/wp\/v2\/media?parent=1881"}],"curies":[{"name":"wp","href":"https:\/\/api.w.org\/{rel}","templated":true}]}}