{"id":2167,"date":"2019-04-25T15:39:55","date_gmt":"2019-04-25T13:39:55","guid":{"rendered":"https:\/\/2019.nis.wordcamp.org\/?page_id=2167"},"modified":"2019-05-08T16:13:26","modified_gmt":"2019-05-08T14:13:26","slug":"superhosting-rs","status":"publish","type":"page","link":"https:\/\/nis.wordcamp.org\/2019\/sponzori\/superhosting-rs\/","title":{"rendered":"Superhosting.RS"},"content":{"rendered":"\n<div class=\"clearfix\" style=\"padding: 2rem;0\"><\/div>\n\n\n\n<figure class=\"wp-block-image is-resized\"><img loading=\"lazy\" decoding=\"async\" src=\"https:\/\/2019.nis.wordcamp.org\/files\/2019\/04\/SH.RS-LogotypeLAT-ScreenOrange-Three.png\" alt=\"\" class=\"wp-image-2165\" width=\"459\" height=\"249\" srcset=\"https:\/\/nis.wordcamp.org\/2019\/files\/2019\/04\/SH.RS-LogotypeLAT-ScreenOrange-Three.png 929w, https:\/\/nis.wordcamp.org\/2019\/files\/2019\/04\/SH.RS-LogotypeLAT-ScreenOrange-Three-300x163.png 300w, https:\/\/nis.wordcamp.org\/2019\/files\/2019\/04\/SH.RS-LogotypeLAT-ScreenOrange-Three-768x418.png 768w, https:\/\/nis.wordcamp.org\/2019\/files\/2019\/04\/SH.RS-LogotypeLAT-ScreenOrange-Three-500x272.png 500w\" sizes=\"auto, (max-width: 459px) 100vw, 459px\" \/><\/figure>\n\n\n\n<p class=\"wp-block-paragraph\"> <a href=\"https:\/\/www.superhosting.rs\/\">SuperHosting.RS<\/a>  je me\u0111unarodna hosting kompanija koja otvara svoja vrata Srbiji. Visoki kvalitet usluga, na\u010din odnosa prema klijentima kao i njihova bezbednost je ono \u0161to nam daje prednost pri izboru hosting partnera. Na\u0161 SuperTim \u010dini sve kako bi Va\u0161 web projekat imao bezbedan dom u kom \u0107e ostvariti sve svoje digitalne ideje. Mi nudimo ne samo uslugu, ve\u0107 i potpuno i pouzdano re\u0161enje za svakog klijenta.<br><br>Da rastemo i napredujemo zajedno!<\/p>\n\n\n\n<p style=\"text-align:left\"><a href=\"https:\/\/2019.nis.wordcamp.org\/sponsor\/superhosting-rs\/\" style=\"font-weight: 300\">Check English version<\/a><\/p>\n","protected":false},"excerpt":{"rendered":"<p>SuperHosting.RS je me\u0111unarodna hosting kompanija koja otvara svoja vrata Srbiji. Visoki kvalitet usluga, na\u010din odnosa prema klijentima kao i njihova bezbednost je ono \u0161to nam daje prednost pri izboru hosting partnera. Na\u0161 SuperTim \u010dini sve kako bi Va\u0161 web projekat imao bezbedan dom u kom \u0107e ostvariti sve svoje digitalne ideje. Mi nudimo ne samo [&hellip;]<\/p>\n","protected":false},"author":15181624,"featured_media":0,"parent":564,"menu_order":0,"comment_status":"closed","ping_status":"closed","template":"","meta":{"_crdt_document":"","jetpack_post_was_ever_published":false,"footnotes":""},"class_list":["post-2167","page","type-page","status-publish","hentry"],"jetpack_sharing_enabled":true,"jetpack_shortlink":"https:\/\/wp.me\/Paxzx7-yX","_links":{"self":[{"href":"https:\/\/nis.wordcamp.org\/2019\/wp-json\/wp\/v2\/pages\/2167","targetHints":{"allow":["GET"]}}],"collection":[{"href":"https:\/\/nis.wordcamp.org\/2019\/wp-json\/wp\/v2\/pages"}],"about":[{"href":"https:\/\/nis.wordcamp.org\/2019\/wp-json\/wp\/v2\/types\/page"}],"author":[{"embeddable":true,"href":"https:\/\/nis.wordcamp.org\/2019\/wp-json\/wp\/v2\/users\/15181624"}],"replies":[{"embeddable":true,"href":"https:\/\/nis.wordcamp.org\/2019\/wp-json\/wp\/v2\/comments?post=2167"}],"version-history":[{"count":2,"href":"https:\/\/nis.wordcamp.org\/2019\/wp-json\/wp\/v2\/pages\/2167\/revisions"}],"predecessor-version":[{"id":2513,"href":"https:\/\/nis.wordcamp.org\/2019\/wp-json\/wp\/v2\/pages\/2167\/revisions\/2513"}],"up":[{"embeddable":true,"href":"https:\/\/nis.wordcamp.org\/2019\/wp-json\/wp\/v2\/pages\/564"}],"wp:attachment":[{"href":"https:\/\/nis.wordcamp.org\/2019\/wp-json\/wp\/v2\/media?parent=2167"}],"curies":[{"name":"wp","href":"https:\/\/api.w.org\/{rel}","templated":true}]}}