{"id":218,"date":"2019-02-13T16:16:19","date_gmt":"2019-02-13T15:16:19","guid":{"rendered":"https:\/\/2019.nis.wordcamp.org\/?page_id=218"},"modified":"2019-05-28T14:43:40","modified_gmt":"2019-05-28T12:43:40","slug":"pocetna","status":"publish","type":"page","link":"https:\/\/nis.wordcamp.org\/2019\/","title":{"rendered":"Po\u010detna"},"content":{"rendered":"\n<section class=\"wcnis-home-intro\">\n            <div class=\"wcnis-home-intro__text\">\n                <h1>\n                    Dobro do\u0161li na prvi WordCamp Ni\u0161\n                <\/h1>\n                <p>\n                    Veoma smo ponosni \u0161to mo\u017eemo da najavimo prvi ikada WordCamp u Ni\u0161u. Glavni doga\u0111aj bi\u0107e odr\u017ean 18. maja, dok je za 19. maj planirana radionica pod nazivom Contributor day.\n                <\/p>\n<p>\nPratite nas na dru\u0161tvenim mre\u017eama:\n<ul class=\"social-icons-main\">\n  <li><a href=\"https:\/\/www.facebook.com\/wordcampnis\/\" target=\"_blank\" rel=\"noopener noreferrer\"><img decoding=\"async\" src=\"https:\/\/2019.nis.wordcamp.org\/files\/2019\/03\/facebook-icon.png\" alt=\"Facebook\"><\/a><\/li>\n  <li><a href=\"https:\/\/twitter.com\/wordcampnis\" target=\"_blank\" rel=\"noopener noreferrer\"><img decoding=\"async\" src=\"https:\/\/2019.nis.wordcamp.org\/files\/2019\/03\/twitter-icon.png\" alt=\"Twitter\"><\/a><\/li>\n  <li><a href=\"https:\/\/www.instagram.com\/wordcampnis\/\" target=\"_blank\" rel=\"noopener noreferrer\"><img decoding=\"async\" src=\"https:\/\/2019.nis.wordcamp.org\/files\/2019\/03\/instagram-icon.png\" alt=\"Instagram\"><\/a><\/li>\n  <li><a href=\"https:\/\/www.meetup.com\/wordpress-nis\/\" target=\"_blank\" rel=\"noopener noreferrer\"><img decoding=\"async\" src=\"https:\/\/2019.nis.wordcamp.org\/files\/2019\/03\/meetup-icon.png\" alt=\"Meetup\"><\/a><\/li>\n<\/ul>\n<\/p>\n            <\/div>\n            <aside class=\"wcnis-home-intro__action\">\n                <h2>\n                    After party\n                <\/h2>\n                <p>\n                    Adresa: Generala Tranijea 13, Ni\u0161.\n Vreme po\u010detka 21h. Kuponi za pi\u0107e se dobijaju na lokaciji, zato obavezno ponesite va\u0161e akreditacije.\n                <\/p>\n                <a href=\"https:\/\/goo.gl\/maps\/t1qbZfogryKZfgQw8\" class=\"button\" target=\"_blank\" rel=\"noopener noreferrer\">\n                    Google mapa\n                <\/a>\n            <\/aside>\n        <\/section>\n\n\n\n<div class=\"clearfix\" style=\"padding: 3rem;0\"><\/div>\n\n\n\n<div class=\"wcnis-home-cards\">\n\n        <section style=\"background-image: url('https:\/\/2019.nis.wordcamp.org\/files\/2019\/05\/wcnis-cards-speakers-2.jpg')\">\n            <span class=\"wcnis-home-cards__overlay\"><\/span>\n            <h2>Predava\u010di<\/h2>\n            <p>Pogledajte koja vas predavanja o\u010dekuju prvog dana konferencije.<\/p>\n            <a href=\"https:\/\/2019.nis.wordcamp.org\/tag\/predavaci\/\" class=\"wcnis-home-cards__button button\">Pogledaj<\/a>\n        <\/section>\n\n        <section style=\"background-image: url('https:\/\/2019.nis.wordcamp.org\/files\/2019\/02\/wcnis-cards-contributor-day.jpg')\">\n            <span class=\"wcnis-home-cards__overlay\"><\/span>\n            <h2>Contributor day<\/h2>\n            <p>Prijave su otvorene do 16.05.2019. do 22h. Rezervi\u0161ite svoje mesto na vreme.<\/p>\n            <a href=\"https:\/\/2019.nis.wordcamp.org\/karte\" class=\"wcnis-home-cards__button button\">Prijavi se<\/a>\n        <\/section>\n\n        <section style=\"background-image: url('https:\/\/2019.nis.wordcamp.org\/files\/2019\/02\/wcnis-cards-speakers.jpg')\">\n            <span class=\"wcnis-home-cards__overlay\"><\/span>\n            <h2>Satnica<\/h2>\n            <p>Pogledajte raspored predavanja.<\/p>\n            <a href=\"https:\/\/2019.nis.wordcamp.org\/satnica\/\" class=\"wcnis-home-cards__button button\">Pogledaj<\/a>\n        <\/section>\n\n    <\/div>\n\n\n\n<div class=\"clearfix\" style=\"padding: 2rem;0\"><\/div>\n\n\n\n<section class=\"wcnis-title\">\n    <h2>Izdvojene vesti<span><\/span><\/h2>\n<\/section>\n\n\n\n<div class=\"clearfix\" style=\"padding: 2rem;0\"><\/div>\n\n\n\n<div class=\"wp-block-media-text alignwide\"><figure class=\"wp-block-media-text__media\"><img loading=\"lazy\" decoding=\"async\" width=\"1024\" height=\"576\" src=\"https:\/\/2019.nis.wordcamp.org\/files\/2019\/05\/wcnis-prezentacije-1024x576.jpg\" alt=\"\" class=\"wp-image-2883\" srcset=\"https:\/\/nis.wordcamp.org\/2019\/files\/2019\/05\/wcnis-prezentacije-1024x576.jpg 1024w, https:\/\/nis.wordcamp.org\/2019\/files\/2019\/05\/wcnis-prezentacije-300x169.jpg 300w, https:\/\/nis.wordcamp.org\/2019\/files\/2019\/05\/wcnis-prezentacije-768x432.jpg 768w, https:\/\/nis.wordcamp.org\/2019\/files\/2019\/05\/wcnis-prezentacije-500x281.jpg 500w, https:\/\/nis.wordcamp.org\/2019\/files\/2019\/05\/wcnis-prezentacije.jpg 1600w\" sizes=\"auto, (max-width: 1024px) 100vw, 1024px\" \/><\/figure><div class=\"wp-block-media-text__content\">\n<h3 class=\"wp-block-heading\" id=\"mce_1\">Prezentacije predava\u010da<\/h3>\n\n\n\n<p><a href=\"https:\/\/2019.nis.wordcamp.org\/prezentacije-predavaca\/\">Detaljnije<\/a><\/p>\n<\/div><\/div>\n\n\n\n<div class=\"clearfix\" style=\"padding: 2rem;0\"><\/div>\n\n\n\n<div class=\"wp-block-media-text alignwide\"><figure class=\"wp-block-media-text__media\"><img loading=\"lazy\" decoding=\"async\" width=\"1024\" height=\"576\" src=\"https:\/\/2019.nis.wordcamp.org\/files\/2019\/05\/wcnis-taksi-1024x576.jpg\" alt=\"\" class=\"wp-image-2773\" srcset=\"https:\/\/nis.wordcamp.org\/2019\/files\/2019\/05\/wcnis-taksi-1024x576.jpg 1024w, https:\/\/nis.wordcamp.org\/2019\/files\/2019\/05\/wcnis-taksi-300x169.jpg 300w, https:\/\/nis.wordcamp.org\/2019\/files\/2019\/05\/wcnis-taksi-768x432.jpg 768w, https:\/\/nis.wordcamp.org\/2019\/files\/2019\/05\/wcnis-taksi-500x281.jpg 500w, https:\/\/nis.wordcamp.org\/2019\/files\/2019\/05\/wcnis-taksi.jpg 1600w\" sizes=\"auto, (max-width: 1024px) 100vw, 1024px\" \/><\/figure><div class=\"wp-block-media-text__content\">\n<h3 class=\"wp-block-heading\" id=\"mce_1\">Taksi &#8211; korisne informacije<\/h3>\n\n\n\n<p>Lista dostupnih taksi prevoznika i njihovih kontakata.<\/p>\n\n\n\n<p><a href=\"https:\/\/2019.nis.wordcamp.org\/taksi-korisne-informacije\/\">Detaljnije<\/a><\/p>\n<\/div><\/div>\n\n\n\n<div class=\"clearfix\" style=\"padding: 2rem;0\"><\/div>\n\n\n\n<div class=\"wp-block-media-text alignwide\"><figure class=\"wp-block-media-text__media\"><img loading=\"lazy\" decoding=\"async\" width=\"1024\" height=\"576\" src=\"https:\/\/2019.nis.wordcamp.org\/files\/2019\/04\/wcnis-contributor-day-rs-1024x576.jpg\" alt=\"\" class=\"wp-image-2133\" srcset=\"https:\/\/nis.wordcamp.org\/2019\/files\/2019\/04\/wcnis-contributor-day-rs-1024x576.jpg 1024w, https:\/\/nis.wordcamp.org\/2019\/files\/2019\/04\/wcnis-contributor-day-rs-300x169.jpg 300w, https:\/\/nis.wordcamp.org\/2019\/files\/2019\/04\/wcnis-contributor-day-rs-768x432.jpg 768w, https:\/\/nis.wordcamp.org\/2019\/files\/2019\/04\/wcnis-contributor-day-rs-500x281.jpg 500w, https:\/\/nis.wordcamp.org\/2019\/files\/2019\/04\/wcnis-contributor-day-rs.jpg 1600w\" sizes=\"auto, (max-width: 1024px) 100vw, 1024px\" \/><\/figure><div class=\"wp-block-media-text__content\">\n<h3 class=\"wp-block-heading\" id=\"mce_1\">\u0160ta je Contributor Day i za\u0161to bi trebalo da do\u0111e\u0161?<\/h3>\n\n\n\n<p>Ukoliko je mogu\u0107e da se dvoumite, ovo je tekst koji \u0107e vas podsetiti da ne treba da propustite najve\u0107u WP konferenciju u zemlji.<\/p>\n\n\n\n<p><a href=\"https:\/\/2019.nis.wordcamp.org\/sta-je-contributor-day-i-zasto-bi-trebalo-da-dodes\/\">Detaljnije<\/a><\/p>\n<\/div><\/div>\n\n\n\n<div class=\"clearfix\" style=\"padding: 2rem;0\"><\/div>\n\n\n\n<div class=\"wp-block-media-text alignwide\"><figure class=\"wp-block-media-text__media\"><img loading=\"lazy\" decoding=\"async\" width=\"1024\" height=\"576\" src=\"https:\/\/2019.nis.wordcamp.org\/files\/2019\/05\/wcnis-predavaci-peta-grupa-1024x576.jpg\" alt=\"\" class=\"wp-image-2430\" srcset=\"https:\/\/nis.wordcamp.org\/2019\/files\/2019\/05\/wcnis-predavaci-peta-grupa-1024x576.jpg 1024w, https:\/\/nis.wordcamp.org\/2019\/files\/2019\/05\/wcnis-predavaci-peta-grupa-300x169.jpg 300w, https:\/\/nis.wordcamp.org\/2019\/files\/2019\/05\/wcnis-predavaci-peta-grupa-768x432.jpg 768w, https:\/\/nis.wordcamp.org\/2019\/files\/2019\/05\/wcnis-predavaci-peta-grupa-500x281.jpg 500w, https:\/\/nis.wordcamp.org\/2019\/files\/2019\/05\/wcnis-predavaci-peta-grupa.jpg 1600w\" sizes=\"auto, (max-width: 1024px) 100vw, 1024px\" \/><\/figure><div class=\"wp-block-media-text__content\">\n<h3 class=\"wp-block-heading\" id=\"mce_1\">Peta grupa predava\u010da<\/h3>\n\n\n\n<p>Svi smo \u010duli \u0161ta je Cloud. Neki su \u010duli i \u0161ta je AWS! Da bismo razbistrili ovo \u2013 Darko, Sini\u0161a i Branislav \u0107e pri\u010dati \u0161ta su zapravo Cloud i AWS, \u0161ta to ta\u010dno zna\u010di za vas, i kako da budete uspe\u0161niji sa istim.<\/p>\n\n\n\n<p><a href=\"https:\/\/2019.nis.wordcamp.org\/peta-grupa-predavaca\/\">Detaljnije<\/a><\/p>\n<\/div><\/div>\n\n\n\n<div class=\"clearfix\" style=\"padding: 2rem;0\"><\/div>\n\n\n\n<div class=\"wp-block-media-text alignwide\"><figure class=\"wp-block-media-text__media\"><img loading=\"lazy\" decoding=\"async\" width=\"1024\" height=\"576\" src=\"https:\/\/2019.nis.wordcamp.org\/files\/2019\/04\/wcnis-gde-jesti-1024x576.jpg\" alt=\"\" class=\"wp-image-1976\" srcset=\"https:\/\/nis.wordcamp.org\/2019\/files\/2019\/04\/wcnis-gde-jesti-1024x576.jpg 1024w, https:\/\/nis.wordcamp.org\/2019\/files\/2019\/04\/wcnis-gde-jesti-300x169.jpg 300w, https:\/\/nis.wordcamp.org\/2019\/files\/2019\/04\/wcnis-gde-jesti-768x432.jpg 768w, https:\/\/nis.wordcamp.org\/2019\/files\/2019\/04\/wcnis-gde-jesti-500x281.jpg 500w, https:\/\/nis.wordcamp.org\/2019\/files\/2019\/04\/wcnis-gde-jesti.jpg 1600w\" sizes=\"auto, (max-width: 1024px) 100vw, 1024px\" \/><\/figure><div class=\"wp-block-media-text__content\">\n<h3 class=\"wp-block-heading\" id=\"mce_1\">Gde jesti?<\/h3>\n\n\n\n<p>\u0160ta vam prvo pada na pamet kad pomislite na Ni\u0161? \u0106ele-kula, Tvr\u0111ava, Piksi, dobra muzika? Ili je to nadaleko poznata hrana?<\/p>\n\n\n\n<p><a href=\"https:\/\/2019.nis.wordcamp.org\/gde-jesti\/\">Detaljnije<\/a><\/p>\n<\/div><\/div>\n\n\n\n<div class=\"clearfix\" style=\"padding: 2rem;0\"><\/div>\n\n\n\n<div class=\"wp-block-media-text alignwide\"><figure class=\"wp-block-media-text__media\"><img loading=\"lazy\" decoding=\"async\" width=\"1024\" height=\"576\" src=\"https:\/\/2019.nis.wordcamp.org\/files\/2019\/04\/wcnis-predavaci-cetvrta-grupa-1024x576.jpg\" alt=\"\" class=\"wp-image-2042\" srcset=\"https:\/\/nis.wordcamp.org\/2019\/files\/2019\/04\/wcnis-predavaci-cetvrta-grupa-1024x576.jpg 1024w, https:\/\/nis.wordcamp.org\/2019\/files\/2019\/04\/wcnis-predavaci-cetvrta-grupa-300x169.jpg 300w, https:\/\/nis.wordcamp.org\/2019\/files\/2019\/04\/wcnis-predavaci-cetvrta-grupa-768x432.jpg 768w, https:\/\/nis.wordcamp.org\/2019\/files\/2019\/04\/wcnis-predavaci-cetvrta-grupa-500x281.jpg 500w, https:\/\/nis.wordcamp.org\/2019\/files\/2019\/04\/wcnis-predavaci-cetvrta-grupa.jpg 1600w\" sizes=\"auto, (max-width: 1024px) 100vw, 1024px\" \/><\/figure><div class=\"wp-block-media-text__content\">\n<h3 class=\"wp-block-heading\" id=\"mce_1\">\u010cetvrta grupa predava\u010da<\/h3>\n\n\n\n<p>Sre\u0107ni smo \u0161to sa vama mo\u017eemo da podelimo i \u010detvrtu  grupu predava\u010da<\/p>\n\n\n\n<p><a href=\"https:\/\/2019.nis.wordcamp.org\/cetvrta-grupa-predavaca\/\">Detaljnije<\/a><\/p>\n<\/div><\/div>\n\n\n\n<div class=\"clearfix\" style=\"padding: 2rem;0\"><\/div>\n\n\n\n<div class=\"wp-block-media-text alignwide\"><figure class=\"wp-block-media-text__media\"><img loading=\"lazy\" decoding=\"async\" width=\"1024\" height=\"576\" src=\"https:\/\/2019.nis.wordcamp.org\/files\/2019\/03\/wcnis-gde-odsesti-1024x576.jpg\" alt=\"\" class=\"wp-image-1497\" srcset=\"https:\/\/nis.wordcamp.org\/2019\/files\/2019\/03\/wcnis-gde-odsesti-1024x576.jpg 1024w, https:\/\/nis.wordcamp.org\/2019\/files\/2019\/03\/wcnis-gde-odsesti-300x169.jpg 300w, https:\/\/nis.wordcamp.org\/2019\/files\/2019\/03\/wcnis-gde-odsesti-768x432.jpg 768w, https:\/\/nis.wordcamp.org\/2019\/files\/2019\/03\/wcnis-gde-odsesti-500x281.jpg 500w, https:\/\/nis.wordcamp.org\/2019\/files\/2019\/03\/wcnis-gde-odsesti.jpg 1600w\" sizes=\"auto, (max-width: 1024px) 100vw, 1024px\" \/><\/figure><div class=\"wp-block-media-text__content\">\n<h3 class=\"wp-block-heading\" id=\"mce_1\">Gde odsesti<\/h3>\n\n\n\n<p>Kako bi vam sve bilo nadohvat ruke, preporu\u010dujemo vam sme\u0161taje u blizini mesta odr\u017eavanja WordCamp-a i centra grada.<\/p>\n\n\n\n<p><a href=\"https:\/\/2019.nis.wordcamp.org\/gde-odsesti\/\">Detaljnije<\/a><\/p>\n<\/div><\/div>\n\n\n\n<div class=\"clearfix\" style=\"padding: 2rem;0\"><\/div>\n\n\n\n<hr class=\"wp-block-separator is-style-wide\" \/>\n\n\n\n<p style=\"text-align:left\"><a href=\"https:\/\/2019.nis.wordcamp.org\/home\/\" class=\"wcnis-translation-link\">Check English version<\/a><\/p>\n","protected":false},"excerpt":{"rendered":"<p>Dobro do\u0161li na prvi WordCamp Ni\u0161 Veoma smo ponosni \u0161to mo\u017eemo da najavimo prvi ikada WordCamp u Ni\u0161u. Glavni doga\u0111aj bi\u0107e odr\u017ean 18. maja, dok je za 19. maj planirana radionica pod nazivom Contributor day. Pratite nas na dru\u0161tvenim mre\u017eama: After party Adresa: Generala Tranijea 13, Ni\u0161. Vreme po\u010detka 21h. Kuponi za pi\u0107e se dobijaju [&hellip;]<\/p>\n","protected":false},"author":14101731,"featured_media":686,"parent":0,"menu_order":0,"comment_status":"closed","ping_status":"closed","template":"","meta":{"jetpack_post_was_ever_published":false,"footnotes":""},"class_list":["post-218","page","type-page","status-publish","has-post-thumbnail","hentry"],"jetpack_sharing_enabled":true,"jetpack_shortlink":"https:\/\/wp.me\/Paxzx7-3w","_links":{"self":[{"href":"https:\/\/nis.wordcamp.org\/2019\/wp-json\/wp\/v2\/pages\/218","targetHints":{"allow":["GET"]}}],"collection":[{"href":"https:\/\/nis.wordcamp.org\/2019\/wp-json\/wp\/v2\/pages"}],"about":[{"href":"https:\/\/nis.wordcamp.org\/2019\/wp-json\/wp\/v2\/types\/page"}],"author":[{"embeddable":true,"href":"https:\/\/nis.wordcamp.org\/2019\/wp-json\/wp\/v2\/users\/14101731"}],"replies":[{"embeddable":true,"href":"https:\/\/nis.wordcamp.org\/2019\/wp-json\/wp\/v2\/comments?post=218"}],"version-history":[{"count":72,"href":"https:\/\/nis.wordcamp.org\/2019\/wp-json\/wp\/v2\/pages\/218\/revisions"}],"predecessor-version":[{"id":2956,"href":"https:\/\/nis.wordcamp.org\/2019\/wp-json\/wp\/v2\/pages\/218\/revisions\/2956"}],"wp:featuredmedia":[{"embeddable":true,"href":"https:\/\/nis.wordcamp.org\/2019\/wp-json\/wp\/v2\/media\/686"}],"wp:attachment":[{"href":"https:\/\/nis.wordcamp.org\/2019\/wp-json\/wp\/v2\/media?parent=218"}],"curies":[{"name":"wp","href":"https:\/\/api.w.org\/{rel}","templated":true}]}}