{"id":2193,"date":"2019-04-30T19:49:21","date_gmt":"2019-04-30T17:49:21","guid":{"rendered":"https:\/\/2019.nis.wordcamp.org\/?page_id=2193"},"modified":"2019-05-14T15:50:35","modified_gmt":"2019-05-14T13:50:35","slug":"sajtic","status":"publish","type":"page","link":"https:\/\/nis.wordcamp.org\/2019\/sponzori\/sajtic\/","title":{"rendered":"Sajtic"},"content":{"rendered":"\n<div class=\"clearfix\" style=\"padding: 2rem;0\"><\/div>\n\n\n\n<figure class=\"wp-block-image is-resized\"><img loading=\"lazy\" decoding=\"async\" src=\"https:\/\/2019.nis.wordcamp.org\/files\/2019\/04\/Sajtic-logo-1024x226.png\" alt=\"\" class=\"wp-image-2190\" width=\"532\" height=\"117\" srcset=\"https:\/\/nis.wordcamp.org\/2019\/files\/2019\/04\/Sajtic-logo-1024x226.png 1024w, https:\/\/nis.wordcamp.org\/2019\/files\/2019\/04\/Sajtic-logo-300x66.png 300w, https:\/\/nis.wordcamp.org\/2019\/files\/2019\/04\/Sajtic-logo-768x169.png 768w, https:\/\/nis.wordcamp.org\/2019\/files\/2019\/04\/Sajtic-logo-500x110.png 500w\" sizes=\"auto, (max-width: 532px) 100vw, 532px\" \/><\/figure>\n\n\n\n<p>Sajtic je digitalna kompanija koja pru\u017ea usluge web dizajna i web development-a.<\/p>\n\n\n\n<p>Mi nudimo usluge kao \u0161to su:<\/p>\n\n\n\n<ul class=\"wp-block-list\"><li><a href=\"https:\/\/sajtic.rs\/izrada-web-sajtova\/\" rel=\"nofollow\">Izrada web sajtova<\/a><\/li><li><a href=\"https:\/\/sajtic.rs\/izrada-internet-prodavnica\/\" rel=\"nofollow\">Izrada internet prodavnica<\/a><\/li><li>Izrada web aplikacija<\/li><li><a href=\"https:\/\/sajtic.rs\/odrzavanje-wordpress-sajtova\/\" rel=\"nofollow\">Odr\u017eavanje WordPress sajtova<\/a><\/li><li><a href=\"https:\/\/sajtic.rs\/seo-optimizacija\/\" rel=\"nofollow\">SEO optimizacija za Google<\/a><\/li><li><a href=\"https:\/\/sajtic.rs\/internet-marketing\/\" rel=\"nofollow\">Internet Marketing<\/a><\/li><\/ul>\n\n\n\n<p>Do sada smo sara\u0111ivali sa mnogim regionalnim i internacionalnim kompanijama, uklju\u010duju\u0107i i kompanije iz Silicijumske doline , svetske tehnolo\u0161ke prestonice. Na\u0161i klijenti su dobrostoje\u0107e i ugledne firme, ali i ambiciozni startup-ovi.<\/p>\n\n\n\n<p>Nastojimo da budemo aktivni \u010dlan WordPress zajednice kao i IT insutrije. Na\u0161i zaposleni redovno prisustvuju doga\u0111ajima iz oblasti informacionih tehnologija, naro\u010dito WordPress kampovima i konferencijama.<\/p>\n\n\n\n<p>Sajtic je uvek u potrazi za novim \u010dlanovima. Mi nudimo dobrodo\u0161licu svim vrednim i ambicioznim profesionalcima. Ukoliko ste zainteresovani da svoju karijeru gradite sa nama posetite na\u0161u stranicu za <a href=\"https:\/\/sajtic.rs\/posao\/\" rel=\"nofollow\">karijere<\/a> i saznajte vi\u0161e o trenutno aktivnim pozicijama.<\/p>\n\n\n\n<p style=\"text-align:left\"><a href=\"https:\/\/2019.nis.wordcamp.org\/sponsor\/sajtic\/\" style=\"font-weight: 300\">Check English version<\/a><\/p>\n","protected":false},"excerpt":{"rendered":"<p>Sajtic je digitalna kompanija koja pru\u017ea usluge web dizajna i web development-a. Mi nudimo usluge kao \u0161to su: Izrada web sajtova Izrada internet prodavnica Izrada web aplikacija Odr\u017eavanje WordPress sajtova SEO optimizacija za Google Internet Marketing Do sada smo sara\u0111ivali sa mnogim regionalnim i internacionalnim kompanijama, uklju\u010duju\u0107i i kompanije iz Silicijumske doline , svetske tehnolo\u0161ke [&hellip;]<\/p>\n","protected":false},"author":15181624,"featured_media":0,"parent":564,"menu_order":0,"comment_status":"closed","ping_status":"closed","template":"","meta":{"jetpack_post_was_ever_published":false,"footnotes":""},"class_list":["post-2193","page","type-page","status-publish","hentry"],"jetpack_sharing_enabled":true,"jetpack_shortlink":"https:\/\/wp.me\/Paxzx7-zn","_links":{"self":[{"href":"https:\/\/nis.wordcamp.org\/2019\/wp-json\/wp\/v2\/pages\/2193","targetHints":{"allow":["GET"]}}],"collection":[{"href":"https:\/\/nis.wordcamp.org\/2019\/wp-json\/wp\/v2\/pages"}],"about":[{"href":"https:\/\/nis.wordcamp.org\/2019\/wp-json\/wp\/v2\/types\/page"}],"author":[{"embeddable":true,"href":"https:\/\/nis.wordcamp.org\/2019\/wp-json\/wp\/v2\/users\/15181624"}],"replies":[{"embeddable":true,"href":"https:\/\/nis.wordcamp.org\/2019\/wp-json\/wp\/v2\/comments?post=2193"}],"version-history":[{"count":3,"href":"https:\/\/nis.wordcamp.org\/2019\/wp-json\/wp\/v2\/pages\/2193\/revisions"}],"predecessor-version":[{"id":2758,"href":"https:\/\/nis.wordcamp.org\/2019\/wp-json\/wp\/v2\/pages\/2193\/revisions\/2758"}],"up":[{"embeddable":true,"href":"https:\/\/nis.wordcamp.org\/2019\/wp-json\/wp\/v2\/pages\/564"}],"wp:attachment":[{"href":"https:\/\/nis.wordcamp.org\/2019\/wp-json\/wp\/v2\/media?parent=2193"}],"curies":[{"name":"wp","href":"https:\/\/api.w.org\/{rel}","templated":true}]}}