{"id":243,"date":"2019-02-13T17:31:59","date_gmt":"2019-02-13T16:31:59","guid":{"rendered":"https:\/\/2019.nis.wordcamp.org\/?page_id=243"},"modified":"2019-05-13T13:25:10","modified_gmt":"2019-05-13T11:25:10","slug":"organizatori","status":"publish","type":"page","link":"https:\/\/nis.wordcamp.org\/2019\/organizatori\/","title":{"rendered":"Organizatori"},"content":{"rendered":"\n<div class=\"wcorg-organizers\">\n\t<div class=\"wcorg-organizer\">\n\t\t<h2>Milan \u0110or\u0111evi\u0107<\/h2>\n\t\t<div class=\"wcorg-organizer-description\">\n\t\t\t<img loading=\"lazy\" decoding=\"async\" alt=\"\" class=\"avatar avatar-96 photo grav-hashed grav-hijack\" height=\"96\" id=\"grav-b0e1cd9f0de2b38e376c4588a3345ae0-0\" src=\"https:\/\/secure.gravatar.com\/avatar\/b0e1cd9f0de2b38e376c4588a3345ae0?s=96&amp;d=mm&amp;r=g\" width=\"96\">\n\t\t\t<p>CTO Shindiri studija, WordPress entuzijasta, edukator i menad\u017eer projekta, sa beskrajnom energijom koja doprinosi zajednici! Suosniva\u010d zajednice WordPress Ni\u0161. Koorganizator WCEU 2018 i \u010dlan tima volontera za #WCEU 2019 u Berlinu.<\/p>\n\t\t\t<p><strong>Ni\u0161<\/strong> \/ <a href=\"https:\/\/twitter.com\/redcellapps\">@redcellapps<\/a> \/&nbsp;<a href=\"https:\/\/www.redcellapps.com\">redcellapps.com<\/a><\/p>\n\t\t<\/div>\n\t<\/div>\n\t<div class=\"wcorg-organizer\">\n\t\t<h2>Aleksandar Predi\u0107<\/h2>\n\t\t<div class=\"wcorg-organizer-description\">\n\t\t\t<img loading=\"lazy\" decoding=\"async\" alt=\"\" class=\"avatar avatar-96 photo grav-hashed grav-hijack\" height=\"96\" id=\"grav-bfd3d4725716693a0897da759c9f0a87-0\" src=\"https:\/\/secure.gravatar.com\/avatar\/bfd3d4725716693a0897da759c9f0a87?s=96&amp;d=mm&amp;r=g\" width=\"96\">\n\t\t\t<p>PHP \/ Web \/ WordPress developer u kompaniji Shindiri Studio. Suosniva\u010d ni\u0161ke WordPress zajednice #WPNis kao dela #WPSerbia zajednice, #WCEU organizacioni tim.<\/p>\n\t\t\t<p><strong>Ni\u0161<\/strong> \/ <a href=\"https:\/\/twitter.com\/apredic\">@apredic<\/a> \/&nbsp;<a href=\"https:\/\/www.acapredic.com\/\">acapredic.com<\/a><\/p>\n\t\t<\/div>\n\t<\/div>\n\t<div class=\"wcorg-organizer\">\n\t\t<h2>Milo\u0161 Risti\u0107<\/h2>\n\t\t<div class=\"wcorg-organizer-description\">\n\t\t\t<img loading=\"lazy\" decoding=\"async\" alt=\"\" class=\"avatar avatar-96 photo grav-hashed grav-hijack\" height=\"96\" id=\"grav-95eb07a402fc254adb2bc3b608a5eab7-0\" src=\"https:\/\/secure.gravatar.com\/avatar\/95eb07a402fc254adb2bc3b608a5eab7?s=96&amp;d=mm&amp;r=g\" width=\"96\">\n\t\t\t<p>Web developer sa mnogo interesovanja, ali uglavnom u vezi WordPress-a i Javascript-a. Trenutno radi kao front-end programer i tako\u0111e je aktivni \u010dlan WPNi\u0161 organizacije vec\u0301 dve godine.<\/p>\n\t\t\t<p><strong>Ni\u0161<\/strong> \/ <a href=\"https:\/\/twitter.com\/RistaSB\">@RistaSB<\/a> \/&nbsp;<a href=\"http:\/\/milosristic.com\/\">milosristic.com<\/a><\/p>\n\t\t<\/div>\n\t<\/div>\n\t<div class=\"wcorg-organizer\">\n\t\t<h2>Nikola Ran\u0111elovi\u0107<\/h2>\n\t\t<div class=\"wcorg-organizer-description\">\n\t\t\t<img loading=\"lazy\" decoding=\"async\" alt=\"\" class=\"avatar avatar-96 photo grav-hashed grav-hijack\" height=\"96\" id=\"grav-30d5903e3acf2b9948d0c4e2d5d2433d-0\" src=\"https:\/\/secure.gravatar.com\/avatar\/30d5903e3acf2b9948d0c4e2d5d2433d?s=96&amp;d=mm&amp;r=g\" width=\"96\">\n\t\t\t<p>Developer u Better Collective i aktivni \u010dlan ni\u0161ke WordPress zajednice.<\/p>\n\t\t\t<p><strong>Ni\u0161<\/strong> \/ <a href=\"https:\/\/twitter.com\/ranikola\">@ranikola<\/a> \/&nbsp;<a href=\"https:\/\/ranikola.iz.rs\/\">ranikola.iz.rs<\/a><\/p>\n\t\t<\/div>\n\t<\/div>\n\t<div class=\"wcorg-organizer\">\n\t\t<h2>Miroslav Manovi\u0107<\/h2>\n\t\t<div class=\"wcorg-organizer-description\">\n\t\t\t<img loading=\"lazy\" decoding=\"async\" alt=\"\" class=\"avatar avatar-96 photo grav-hashed grav-hijack\" height=\"96\" id=\"grav-0e2ceaaf153280be33c6342b44f326e6-0\" src=\"https:\/\/secure.gravatar.com\/avatar\/0e2ceaaf153280be33c6342b44f326e6?s=96&amp;d=mm&amp;r=g\" width=\"96\">\n\t\t\t<p>Koordinator i web developer u Better Collective d.o.o. Ve\u0161t u modernom JavaScript-u, PHP-u i razvoju WordPress-a. Profesionalni in\u017eenjer, diplomirani master Informacionih Tehnologija na Elektrotehni\u010dkom fakultetu u Ni\u0161u. Dve godine \u010dlan tima WPNi\u0161.<\/p>\n\t\t\t<p><strong>Negotin<\/strong> \/ <a href=\"https:\/\/twitter.com\/misko1215\">@misko1215<\/a><\/p>\n\t\t<\/div>\n\t<\/div>\n\t<div class=\"wcorg-organizer\">\n\t\t<h2>Milana Cap<\/h2>\n\t\t<div class=\"wcorg-organizer-description\">\n\t\t\t<img loading=\"lazy\" decoding=\"async\" alt=\"\" class=\"avatar avatar-96 photo grav-hashed grav-hijack\" height=\"96\" id=\"grav-7cfb6116e14bd745841bfbd7b372dc8c-0\" src=\"https:\/\/secure.gravatar.com\/avatar\/7cfb6116e14bd745841bfbd7b372dc8c?s=96&amp;d=mm&amp;r=g\" width=\"96\">\n\t\t\t<p>Samohrana majka. Biv\u0161i operski sufler, sada WordPress\/PHP developer u Toptalu. \u017divi u WordPress-ovom #docs slack kanalu, umire za crnom \u010dokoladom. I slaninom.<\/p>\n\t\t\t<p><strong>Novi Sad<\/strong> \/ <a href=\"https:\/\/twitter.com\/DjevaLoperka\">@DjevaLoperka<\/a> \/&nbsp;<a href=\"https:\/\/developerka.org\/\">developerka.org<\/a><\/p>\n\t\t<\/div>\n\t<\/div>\n\t<div class=\"wcorg-organizer\">\n\t\t<h2>Nemanja Ignjatovi\u0107<\/h2>\n\t\t<div class=\"wcorg-organizer-description\">\n\t\t\t<img loading=\"lazy\" decoding=\"async\" alt=\"\" class=\"avatar avatar-96 photo grav-hashed grav-hijack\" height=\"96\" id=\"grav-9cbd41f175785da3d098c0f8bfc5f4b5-0\" src=\"https:\/\/secure.gravatar.com\/avatar\/9cbd41f175785da3d098c0f8bfc5f4b5?s=96&amp;d=mm&amp;r=g\" width=\"96\">\n\t\t\t<p>CTO u IT Centru, marljiv IT entuzijasta, WordPress, FrontEnd developer, UX\/UI dizajner, edukator i projektni menad\u017eer, sa iskustvom u izradi najsavremenijih re\u0161enja za IT sa najnovijim trendovima.<\/p>\n\t\t\t<p><strong>Ni\u0161<\/strong> \/ <a href=\"https:\/\/twitter.com\/nexterix\">@nexterix<\/a> \/&nbsp;<a href=\"https:\/\/www.redcellapps.com\/\">redcellapps.com<\/a><\/p>\n\t\t<\/div>\n\t<\/div>\n\t<div class=\"wcorg-organizer\">\n\t\t<h2>Dragan Mili\u0107evi\u0107<\/h2>\n\t\t<div class=\"wcorg-organizer-description\">\n\t\t\t<img loading=\"lazy\" decoding=\"async\" alt=\"\" class=\"avatar avatar-96 photo grav-hashed grav-hijack\" height=\"96\" id=\"grav-c00c51ce5da9131109007f914a5564e1-0\" src=\"https:\/\/secure.gravatar.com\/avatar\/c00c51ce5da9131109007f914a5564e1?s=96&amp;d=mm&amp;r=g\" width=\"96\">\n\t\t\t<p>Suosniva\u010d i CTO Dewploy Sourcing-a, back-end developer i softverski arhitekta, koorganizator ni\u0161ke WordPress zajednice &#8211; #WPNis. U slobodno vreme bavi se automatizacijom i sistemskom kontrolom i razmi\u0161lja mnogo o tome kako da koristi i uklju\u010di WordPress u ovu sferu.<\/p>\n\t\t\t<p><strong>Leskovac<\/strong> \/ <a href=\"https:\/\/twitter.com\/gagimilicevic\">@gagimilicevic<\/a> \/&nbsp;<a href=\"https:\/\/dewploy.com\/\">dewploy.com<\/a><\/p>\n\t\t<\/div>\n\t<\/div>\n\t<div class=\"wcorg-organizer\">\n\t\t<h2>\u017darko Jovi\u0107<\/h2>\n\t\t<div class=\"wcorg-organizer-description\">\n\t\t\t<img loading=\"lazy\" decoding=\"async\" alt=\"\" class=\"avatar avatar-96 photo grav-hashed grav-hijack\" height=\"96\" id=\"grav-af10855297961a245cdc9629ce090ed0-0\" src=\"https:\/\/secure.gravatar.com\/avatar\/af10855297961a245cdc9629ce090ed0?s=96&amp;d=mm&amp;r=g\" width=\"96\">\n\t\t\t<p>Kao CEO Dewploy.com poma\u017ee kreativnim agencijama da isporu\u010de vrhunska WordPress re\u0161enja sa fokusom na korisni\u010dko iskustvo i poma\u017ee im da razumeju najnovije trendove u industriji.<\/p>\n\t\t\t<p><strong>Leskovac<\/strong> \/ <a href=\"https:\/\/twitter.com\/joviczarko\">@joviczarko<\/a> \/&nbsp;<a href=\"https:\/\/dewploy.com\/\">dewploy.com<\/a><\/p>\n\t\t<\/div>\n\t<\/div>\n\t<div class=\"wcorg-organizer\">\n\t\t<h2>Maja Stanimirovi\u0107<\/h2>\n\t\t<div class=\"wcorg-organizer-description\">\n\t\t\t<img loading=\"lazy\" decoding=\"async\" alt=\"\" src=\"https:\/\/secure.gravatar.com\/avatar\/a43725caf1481b3c4ca77cf361c13afb?s=96&amp;d=mm&amp;r=g\" class=\"avatar avatar-96 photo grav-hashed grav-hijack\" height=\"96\" width=\"96\" id=\"grav-a43725caf1481b3c4ca77cf361c13afb-0\">\n\t\t\t<p>Menad\u017eer marketinga. WordPress entuzijasta. Nomad u srcu.<\/p>\n\t\t\t<p><strong>Ni\u0161<\/strong> \/ <a href=\"https:\/\/twitter.com\/cyrl220\">@cyrl220<\/a><\/p>\n\t\t<\/div>\n\t<\/div>\n\t<div class=\"wcorg-organizer\">\n\t\t<h2>Natalija Pej\u010dev<\/h2>\n\t\t<div class=\"wcorg-organizer-description\">\n\t\t\t<img loading=\"lazy\" decoding=\"async\" alt=\"\" src=\"https:\/\/secure.gravatar.com\/avatar\/bad3f5ba089d48922c846f9cb1d2e8ef?s=96&amp;d=mm&amp;r=g\" class=\"avatar avatar-96 photo grav-hashed grav-hijack\" height=\"96\" width=\"96\" id=\"grav-bad3f5ba089d48922c846f9cb1d2e8ef-0\">\t\t\t\t\t\t\n\t\t\t<p>Student srbistike koji se interesuje za sve ostalo. Skuplja ve\u0161tine kao pokemone. Obo\u017eava planinu.<\/p>\n\t\t\t\n\t\t\t<p><strong>Ni\u0161<\/strong> \/ <a href=\"https:\/\/twitter.com\/tireksica\">@tireksica<\/a><\/p>\n\t\t<\/div>\n\t<\/div>\n        <div class=\"wcorg-organizer\">\n\t\t<h2>Nikola Ili\u0107<\/h2>\n\t\t<div class=\"wcorg-organizer-description\">\n\t\t\t<img loading=\"lazy\" decoding=\"async\" alt=\"\" src=\"https:\/\/secure.gravatar.com\/avatar\/b0c9557669b2a163909272496a452522?s=96&amp;d=mm&amp;r=g\" class=\"avatar avatar-96 photo grav-hashed grav-hijack\" height=\"96\" width=\"96\" id=\"grav-b0c9557669b2a163909272496a452522\">\t\t\t\t\t\t\n\t\t\t<p>Softverski inzenjer sa 15 godina iskustva. CTO kompanije DataWare Labs iz Ujedinjenih Arapskih Emirata.<\/p>\n\t\t\t\n\t\t\t<p><strong>Ujedinjeni Arapski Emirati<\/strong> \/ <a href=\"https:\/\/twitter.com\/nikolatsu\">@nikolatsu<\/a><\/p>\n\t\t<\/div>\n\t<\/div>\n<\/div>\n\n\n\n<hr class=\"wp-block-separator is-style-wide\" \/>\n\n\n\n<p style=\"text-align:left\"><a href=\"https:\/\/2019.nis.wordcamp.org\/organizers\/\" class=\"wcnis-translation-link\">Check English version<\/a><\/p>\n","protected":false},"excerpt":{"rendered":"<p>Milan \u0110or\u0111evi\u0107 CTO Shindiri studija, WordPress entuzijasta, edukator i menad\u017eer projekta, sa beskrajnom energijom koja doprinosi zajednici! Suosniva\u010d zajednice WordPress Ni\u0161. Koorganizator WCEU 2018 i \u010dlan tima volontera za #WCEU 2019 u Berlinu. Ni\u0161 \/ @redcellapps \/&nbsp;redcellapps.com Aleksandar Predi\u0107 PHP \/ Web \/ WordPress developer u kompaniji Shindiri Studio. Suosniva\u010d ni\u0161ke WordPress zajednice #WPNis kao [&hellip;]<\/p>\n","protected":false},"author":7923389,"featured_media":0,"parent":0,"menu_order":0,"comment_status":"closed","ping_status":"closed","template":"","meta":{"jetpack_post_was_ever_published":false,"footnotes":""},"class_list":["post-243","page","type-page","status-publish","hentry"],"jetpack_sharing_enabled":true,"jetpack_shortlink":"https:\/\/wp.me\/Paxzx7-3V","_links":{"self":[{"href":"https:\/\/nis.wordcamp.org\/2019\/wp-json\/wp\/v2\/pages\/243","targetHints":{"allow":["GET"]}}],"collection":[{"href":"https:\/\/nis.wordcamp.org\/2019\/wp-json\/wp\/v2\/pages"}],"about":[{"href":"https:\/\/nis.wordcamp.org\/2019\/wp-json\/wp\/v2\/types\/page"}],"author":[{"embeddable":true,"href":"https:\/\/nis.wordcamp.org\/2019\/wp-json\/wp\/v2\/users\/7923389"}],"replies":[{"embeddable":true,"href":"https:\/\/nis.wordcamp.org\/2019\/wp-json\/wp\/v2\/comments?post=243"}],"version-history":[{"count":25,"href":"https:\/\/nis.wordcamp.org\/2019\/wp-json\/wp\/v2\/pages\/243\/revisions"}],"predecessor-version":[{"id":2683,"href":"https:\/\/nis.wordcamp.org\/2019\/wp-json\/wp\/v2\/pages\/243\/revisions\/2683"}],"wp:attachment":[{"href":"https:\/\/nis.wordcamp.org\/2019\/wp-json\/wp\/v2\/media?parent=243"}],"curies":[{"name":"wp","href":"https:\/\/api.w.org\/{rel}","templated":true}]}}