{"id":2439,"date":"2019-05-06T14:46:53","date_gmt":"2019-05-06T12:46:53","guid":{"rendered":"https:\/\/2019.nis.wordcamp.org\/?page_id=2439"},"modified":"2019-05-06T14:47:10","modified_gmt":"2019-05-06T12:47:10","slug":"maksimer-as","status":"publish","type":"page","link":"https:\/\/nis.wordcamp.org\/2019\/sponzori\/maksimer-as\/","title":{"rendered":"Maksimer AS"},"content":{"rendered":"\n<div class=\"clearfix\" style=\"padding: 2rem;0\"><\/div>\n\n\n\n<figure class=\"wp-block-image is-resized\"><img loading=\"lazy\" decoding=\"async\" src=\"https:\/\/2019.nis.wordcamp.org\/files\/2019\/05\/Maksimer_Logo.png\" alt=\"\" class=\"wp-image-2436\" width=\"519\" height=\"389\" srcset=\"https:\/\/nis.wordcamp.org\/2019\/files\/2019\/05\/Maksimer_Logo.png 800w, https:\/\/nis.wordcamp.org\/2019\/files\/2019\/05\/Maksimer_Logo-300x225.png 300w, https:\/\/nis.wordcamp.org\/2019\/files\/2019\/05\/Maksimer_Logo-768x576.png 768w, https:\/\/nis.wordcamp.org\/2019\/files\/2019\/05\/Maksimer_Logo-400x300.png 400w\" sizes=\"auto, (max-width: 519px) 100vw, 519px\" \/><\/figure>\n\n\n\n<p><a href=\"https:\/\/www.maksimer.no\/\" rel=\"nofollow\">Maksimer<\/a> je jedna od vode\u0107ih evropskih WooCommerce agencija sa kancelarijama u Bergenu, Oslu, Brinu, Stokholmu, Beogradu. Maksimer je osnovan 2009. godine i fokusiran je isklju\u010divo na razvoj profitabilnih sajtova za korisnike. <\/p>\n\n\n\n<p>Maksimer je prva kompanija u Norve\u0161koj sa WooExpert statusom i jedan od retkih u Evropi koja je dobila zlatni status. Na\u0161a prva WooCommerce online prodavnica je postavljena 2012. godine i radimo sa WordPress-om od 2009. godine. <\/p>\n\n\n\n<p>Mi kreiramo online prodavnice namenjene za prodaju potro\u0161a\u010dima (B2C) i drugim biznisima (B2B), sve zasnovano na WooCommerce-u. Deo na\u0161eg portfolia mo\u017eete videti ovde. <\/p>\n\n\n\n<p>Razvili smo sistem za integraciju izme\u0111u razli\u010ditih ERP, faktura, ra\u010dunovodstva, logistike i sistema za pla\u0107anje gotovinom i WooCommerce-a. Vi\u0161e o integracijama mo\u017eete videti ovde. <\/p>\n\n\n\n<p>Na\u0161 Tim trenutno broji 21. \u010dlana iz Norve\u0161ke, \u0160vedske, Srbije i Litvanije i nastavlja da raste. <br><\/p>\n\n\n\n<p style=\"text-align:left\"><a href=\"https:\/\/2019.nis.wordcamp.org\/sponsor\/maksimer\/\" style=\"font-weight: 300\">Check English version<\/a><\/p>\n\n\n\n<p><br><\/p>\n\n\n\n<p><br><\/p>\n","protected":false},"excerpt":{"rendered":"<p>Maksimer je jedna od vode\u0107ih evropskih WooCommerce agencija sa kancelarijama u Bergenu, Oslu, Brinu, Stokholmu, Beogradu. Maksimer je osnovan 2009. godine i fokusiran je isklju\u010divo na razvoj profitabilnih sajtova za korisnike. Maksimer je prva kompanija u Norve\u0161koj sa WooExpert statusom i jedan od retkih u Evropi koja je dobila zlatni status. Na\u0161a prva WooCommerce online [&hellip;]<\/p>\n","protected":false},"author":15181624,"featured_media":0,"parent":564,"menu_order":0,"comment_status":"closed","ping_status":"closed","template":"","meta":{"jetpack_post_was_ever_published":false,"footnotes":""},"class_list":["post-2439","page","type-page","status-publish","hentry"],"jetpack_sharing_enabled":true,"jetpack_shortlink":"https:\/\/wp.me\/Paxzx7-Dl","_links":{"self":[{"href":"https:\/\/nis.wordcamp.org\/2019\/wp-json\/wp\/v2\/pages\/2439","targetHints":{"allow":["GET"]}}],"collection":[{"href":"https:\/\/nis.wordcamp.org\/2019\/wp-json\/wp\/v2\/pages"}],"about":[{"href":"https:\/\/nis.wordcamp.org\/2019\/wp-json\/wp\/v2\/types\/page"}],"author":[{"embeddable":true,"href":"https:\/\/nis.wordcamp.org\/2019\/wp-json\/wp\/v2\/users\/15181624"}],"replies":[{"embeddable":true,"href":"https:\/\/nis.wordcamp.org\/2019\/wp-json\/wp\/v2\/comments?post=2439"}],"version-history":[{"count":2,"href":"https:\/\/nis.wordcamp.org\/2019\/wp-json\/wp\/v2\/pages\/2439\/revisions"}],"predecessor-version":[{"id":2441,"href":"https:\/\/nis.wordcamp.org\/2019\/wp-json\/wp\/v2\/pages\/2439\/revisions\/2441"}],"up":[{"embeddable":true,"href":"https:\/\/nis.wordcamp.org\/2019\/wp-json\/wp\/v2\/pages\/564"}],"wp:attachment":[{"href":"https:\/\/nis.wordcamp.org\/2019\/wp-json\/wp\/v2\/media?parent=2439"}],"curies":[{"name":"wp","href":"https:\/\/api.w.org\/{rel}","templated":true}]}}