{"id":255,"date":"2019-02-13T17:35:37","date_gmt":"2019-02-13T16:35:37","guid":{"rendered":"https:\/\/2019.nis.wordcamp.org\/?page_id=255"},"modified":"2019-03-12T09:46:20","modified_gmt":"2019-03-12T08:46:20","slug":"kontakt","status":"publish","type":"page","link":"https:\/\/nis.wordcamp.org\/2019\/kontakt\/","title":{"rendered":"Kontakt"},"content":{"rendered":"\n<p>Po\u0161aljite pitanje ili sugestiju putem forme ispod i neko iz na\u0161eg tima \u0107e Vas kontaktirati u najkra\u0107em mogu\u0107em roku.<\/p>\n\n\n<div data-test='contact-form'\n\t\t\tid='contact-form-255'\n\t\t\tclass='wp-block-jetpack-contact-form-container '\n\t\t\tdata-wp-interactive='jetpack\/form' data-wp-context='{\"formId\":\"255\",\"formHash\":\"d01a551ac3f2e2175e8c6b8c6092b99ab5eb70c5\",\"showErrors\":false,\"errors\":[],\"fields\":[],\"isMultiStep\":false,\"useAjax\":true,\"submissionData\":null,\"formattedSubmissionData\":[],\"submissionSuccess\":false,\"submissionError\":null,\"elementId\":\"jp-form-d01a551ac3f2e2175e8c6b8c6092b99ab5eb70c5\",\"isSingleInputForm\":false}'\n\t\t\tdata-wp-watch--scroll-to-wrapper=\"callbacks.scrollToWrapper\"\n\t\t>\n<div class=\"contact-form-submission contact-form-ajax-submission\" data-wp-bind--aria-hidden=\"state.isSuccessMessageAriaHidden\" data-wp-class--submission-success=\"context.submissionSuccess\" id=\"contact-form-success-d01a551ac3f2e2175e8c6b8c6092b99ab5eb70c5\" tabindex=\"-1\" aria-labelledby=\"contact-form-success-header-d01a551ac3f2e2175e8c6b8c6092b99ab5eb70c5\"><p class=\"go-back-message\"><a class=\"link\" role=\"button\" tabindex=\"0\" data-wp-on--click=\"actions.goBack\" href=\"\/2019\/wp-json\/wp\/v2\/pages\/255\">\u2190 Back<\/a><\/p><h4 data-wp-bind--aria-hidden=\"state.isSuccessMessageAriaHidden\" id=\"contact-form-success-header-d01a551ac3f2e2175e8c6b8c6092b99ab5eb70c5\">Thank you for your response. \u2728<\/h4>\n\n<template data-wp-each--submission=\"context.formattedSubmissionData\">\n\t\t\t\t\t<div class=\"jetpack_forms_contact-form-success-summary\">\n\t\t\t\t\t\t<div class=\"field-name\" data-wp-text=\"context.submission.label\" data-wp-bind--hidden=\"!context.submission.label\"><\/div>\n\t\t\t\t\t\t<div class=\"field-value\" data-wp-text=\"context.submission.value\" data-wp-bind--hidden=\"!context.submission.showPlainValue\"><\/div>\n\t\t\t\t\t\t<a class=\"field-url\" data-wp-bind--href=\"context.submission.url\" data-wp-text=\"context.submission.value\" data-wp-bind--hidden=\"!context.submission.url\" target=\"_blank\" rel=\"noopener noreferrer\"><\/a>\n\t\t\t\t\t\t<div class=\"field-rating\" data-wp-bind--hidden=\"!context.submission.rating\" data-wp-watch=\"callbacks.watchRatingIcons\"><\/div>\n\t\t\t\t\t\t<div class=\"field-images\" data-wp-bind--hidden=\"!context.submission.images\">\n\t\t\t\t\t\t\t<template data-wp-each--image=\"context.submission.images\">\n\t\t\t\t\t\t\t\t<div class=\"field-image-option\" data-wp-class--is-empty=\"!context.image.src\">\n\t\t\t\t\t\t\t\t\t<figure class=\"field-image-option__image\" data-wp-class--is-empty=\"!context.image.src\">\n\t\t\t\t\t\t\t\t\t\t<img data-wp-bind--src=\"context.image.src\" data-wp-bind--hidden=\"!context.image.src\" \/>\n\t\t\t\t\t\t\t\t\t\t<img decoding=\"async\" src=\"data:image\/gif;base64,R0lGODlhAQABAAD\/ACwAAAAAAQABAAACADs=\" data-wp-bind--hidden=\"context.image.src\" \/>\n\t\t\t\t\t\t\t\t\t<\/figure>\n\t\t\t\t\t\t\t\t\t<div class=\"field-image-option__label-wrapper\">\n\t\t\t\t\t\t\t\t\t\t<span class=\"field-image-option__label-code\" data-wp-text=\"context.image.letterCode\"><\/span>\n\t\t\t\t\t\t\t\t\t\t<span class=\"field-image-option__label\" data-wp-text=\"context.image.label\" data-wp-bind--hidden=\"!context.image.label\"><\/span>\n\t\t\t\t\t\t\t\t\t<\/div>\n\t\t\t\t\t\t\t\t<\/div>\n\t\t\t\t\t\t\t<\/template>\n\t\t\t\t\t\t<\/div>\n\t\t\t\t\t\t<div class=\"field-files\" data-wp-bind--hidden=\"!context.submission.files\">\n\t\t\t\t\t\t\t<template data-wp-each--file=\"context.submission.files\">\n\t\t\t\t\t\t\t\t<div class=\"field-file\">\n\t\t\t\t\t\t\t\t\t<div class=\"field-file__thumbnail\" data-wp-style--background-image=\"context.file.previewUrl\" data-wp-style--mask-image=\"context.file.iconUrl\" data-wp-bind--hidden=\"!context.file.hasPreview\"><\/div>\n\t\t\t\t\t\t\t\t\t<svg class=\"field-file__icon\" data-wp-bind--hidden=\"context.file.hasPreview\" width=\"20\" height=\"20\" viewBox=\"0 0 24 24\" fill=\"none\" xmlns=\"http:\/\/www.w3.org\/2000\/svg\" aria-hidden=\"true\">\n\t\t\t\t\t\t\t\t\t\t<path d=\"M14 2H6C4.9 2 4 2.9 4 4V20C4 21.1 4.89 22 5.99 22H18C19.1 22 20 21.1 20 20V8L14 2ZM18 20H6V4H13V9H18V20Z\" fill=\"currentColor\"\/>\n\t\t\t\t\t\t\t\t\t<\/svg>\n\t\t\t\t\t\t\t\t\t<span class=\"field-file__name\" data-wp-text=\"context.file.name\"><\/span>\n\t\t\t\t\t\t\t\t\t<span class=\"field-file__size\" data-wp-text=\"context.file.size\"><\/span>\n\t\t\t\t\t\t\t\t<\/div>\n\t\t\t\t\t\t\t<\/template>\n\t\t\t\t\t\t<\/div>\n\t\t\t\t\t<\/div>\n\t\t\t\t<\/template><\/div><form action='https:\/\/nis.wordcamp.org\/2019\/kontakt\/'\n\t\t\t\tid='jp-form-d01a551ac3f2e2175e8c6b8c6092b99ab5eb70c5'\n\t\t\t\tmethod='post'\n\t\t\t\tclass='contact-form commentsblock' aria-label=\"Kontakt\"\n\t\t\t\tdata-wp-on--submit=\"actions.onFormSubmit\"\n\t\t\t\tdata-wp-on--reset=\"actions.onFormReset\"\n\t\t\t\tdata-wp-class--submission-success=\"context.submissionSuccess\"\n\t\t\t\tdata-wp-class--is-first-step=\"state.isFirstStep\"\n\t\t\t\tdata-wp-class--is-last-step=\"state.isLastStep\"\n\t\t\t\tdata-wp-class--is-ajax-form=\"context.useAjax\"\n\t\t\t\tnovalidate >\n<input type='hidden' name='jetpack_contact_form_jwt' value='eyJ0eXAiOiJKV1QiLCJhbGciOiJIUzI1NiJ9.eyJlbmNyeXB0ZWRfYXR0cmlidXRlcyI6Im1FdGkreUNNbXRxQkVBUWtRMGs5a2RsVkFXMXFRZ1IwZHN4WUpqUmVkeFhGeDhlTjJqTWQ2K2ExSVBKTURjcktLbXFxV2szbWFtMlp2Z1BCdmk0bDJBTUZPNUtPUzQyV0xBelBuYTNPc2VScXVaQ2hRSlBodENnL2t0YW02UlFlcTdZSzJKamFHSHlmTHFzRzBING54USt1OWpVck91L0dBejZiL2IrcDVqcml2akJGWjZWcFNxNnc3Mi9LdGlUOXhLdHVkTFNWUWV0aGl5U2FwUCtYWDhTVmZtQk16WC8wQ0lKVkUvQXlodUtia2tpcE90RExhWGF2WWdDUUFXb21jWW5FWTE5eHBRaU1LMmxKeGxMN08zalh1N2lqUDN0ZnlaUEhWdUsxeVRkY3lhQmQ2dXJib3p4YTh3SDA4Z1BKVjdHSWRnaFRtdFRlVWRjV0dIY1lhQWlDSjVwb2lkdGRNR01FdUl6Q2ZaYS9XNy9QdVl1cm9VNWw4ZmpYMkhEVENoSzBlSHBRM0dtTG1oZGlBOXJGSkg1dzFzTFRGT21jZlNzR2NoQ3JaZTdqOWphbmF0UnBUT0lWR3FYZmlTcDlCcko4a3NwaEZ4Yy92aFkxTUhrdWozYSt2YWJxbTNTaUdFcTlLT1RVVGU3MUZPV09yTXBYcisvWEpzSjFxMW1TV2tjc0JiK1VLb1pIUE9McjllVFBZVmEwejQ0Qkh0TXBKaEtUcFJiUjN5M1ZCSzJXR2xVMjlNbHMxNUwzRXllbG1sUUJWNkRqQ2h4SXVhdFR3NUEwVUpuMHBhRkdDZnkwQUVCaVpBVkR2SHppaXhaWmZXRmtqeTAwSGE4RHBsWjdnUWhpVG1VMEw1MHZRUEx6anBqZ0ZJZnNkL3JGaGN1NlZMSjczdERKUGtUUDNyWGRiQkJVdXhnMmdYMmo3Y2QvWkxWMkhHbmdmOHlLNEhBQU01NytxSGxxbGlDRE90SmhhNWk4aDc2b0VWM3VSUjJwM3A0TWVXMVF6MGNrRS9LbnNoVUpGM1dPUGp5VzFOVzY0VWpwM2pQM28wTmJGOExOUE0yUExWakRwb2swSjBYSVlwSmw4ckg3c1ZXZHhmdzAzNWgrMERCbmNFV09TaFdQenF0U3Z3bkpVR3IxVndkNmRnRlBFMTZiTnJmYTZMU3FzNi95SnVaNG1tMGp0cnN5SFpObzF1djBOcEtJWklGd05ZNFV1eWc9IiwiY29udGVudCI6Iltjb250YWN0LWZpZWxkIGxhYmVsPVwiSW1lXCIgdHlwZT1cIm5hbWVcIiAgICAgcmVxdWlyZWQ9XCIxXCIgL11bY29udGFjdC1maWVsZCBsYWJlbD1cIkVtYWlsXCIgdHlwZT1cImVtYWlsXCIgICAgcmVxdWlyZWQ9XCIxXCIgL11bY29udGFjdC1maWVsZCBsYWJlbD1cIlBvcnVrYVwiIHR5cGU9XCJ0ZXh0YXJlYVwiIHJlcXVpcmVkPVwiMVwiIC9dIiwiaGFzaCI6ImQwMWE1NTFhYzNmMmUyMTc1ZThjNmI4YzYwOTJiOTlhYjVlYjcwYzUiLCJzb3VyY2UiOnsiZW50cnlfdGl0bGUiOiJLb250YWt0IiwiZW50cnlfcGFnZSI6MSwic291cmNlX2lkIjoyNTUsInNvdXJjZV90eXBlIjoic2luZ2xlIiwicmVxdWVzdF91cmwiOiJodHRwczovL25pcy53b3JkY2FtcC5vcmcvMjAxOS93cC1qc29uL3dwL3YyL3BhZ2VzLzI1NSJ9LCJ2ZXJzaW9uIjoyLCJjaXBoZXIiOiJhZXMtMjU2LWdjbSJ9.Q_d38IctBhVzgSZc7e88HLnz87iv8GK5zmTHAKLk5V4' \/>\n\n<div style=\"\"  data-wp-interactive=\"jetpack\/form\" data-wp-context='{\"fieldId\":\"g255-ime\",\"fieldType\":\"name\",\"fieldLabel\":\"Ime\",\"fieldValue\":\"\",\"fieldPlaceholder\":\"\",\"fieldIsRequired\":\"1\",\"fieldErrorMessage\":\"\",\"fieldExtra\":[],\"formHash\":\"d01a551ac3f2e2175e8c6b8c6092b99ab5eb70c5\"}'  class='grunion-field-name-wrap grunion-field-wrap'  data-wp-init='callbacks.initializeField' data-wp-on--jetpack-form-reset='callbacks.initializeField' >\n<label\n\t\t\t\tfor='g255-ime' class=\"grunion-field-label name\" >Ime<span class=\"grunion-label-required\" aria-hidden=\"true\">(required)<\/span><\/label>\n<input\n\t\t\t\t\ttype='text'\n\t\t\t\t\tname='g255-ime'\n\t\t\t\t\tid='g255-ime'\n\t\t\t\t\tvalue=''\n\n\t\t\t\t\tdata-wp-bind--aria-invalid='state.fieldAriaInvalid'\n\t\t\t\t\tdata-wp-bind--value='state.getFieldValue'\n\t\t\t\t\taria-describedby='g255-ime-text-error-message'\n\t\t\t\t\tdata-wp-on--input='actions.onFieldChange'\n\t\t\t\t\tdata-wp-on--blur='actions.onFieldBlur'\n\t\t\t\t\tdata-wp-class--has-value='state.hasFieldValue'\n\n\t\t\t\t\tclass='name  grunion-field' \n\t\t\t\t\trequired='true' aria-required='true'  \/>\n \n\t\t\t<div id=\"g255-ime-text-error\" class=\"contact-form__input-error\" data-wp-class--has-errors=\"state.fieldHasErrors\">\n\t\t\t\t<span class=\"contact-form__warning-icon\" aria-hidden=\"true\">\n\t\t\t\t\t<svg width=\"16\" height=\"16\" viewBox=\"0 0 16 16\" fill=\"none\" xmlns=\"http:\/\/www.w3.org\/2000\/svg\">\n\t\t\t\t\t\t<path d=\"M8.50015 11.6402H7.50015V10.6402H8.50015V11.6402Z\" \/>\n\t\t\t\t\t\t<path d=\"M7.50015 9.64018H8.50015V6.30684H7.50015V9.64018Z\" \/>\n\t\t\t\t\t\t<path fill-rule=\"evenodd\" clip-rule=\"evenodd\" d=\"M6.98331 3.0947C7.42933 2.30177 8.57096 2.30177 9.01698 3.09469L13.8771 11.7349C14.3145 12.5126 13.7525 13.4735 12.8602 13.4735H3.14004C2.24774 13.4735 1.68575 12.5126 2.12321 11.7349L6.98331 3.0947ZM8.14541 3.58496C8.08169 3.47168 7.9186 3.47168 7.85488 3.58496L2.99478 12.2251C2.93229 12.3362 3.01257 12.4735 3.14004 12.4735H12.8602C12.9877 12.4735 13.068 12.3362 13.0055 12.2251L8.14541 3.58496Z\" \/>\n\t\t\t\t\t<\/svg>\n\t\t\t\t<\/span>\n\t\t\t\t<span data-wp-text=\"state.errorMessage\" id=\"g255-ime-text-error-message\"><\/span>\n\t\t\t<\/div> \n\t<\/div>\n\n<div style=\"\"  data-wp-interactive=\"jetpack\/form\" data-wp-context='{\"fieldId\":\"g255-email\",\"fieldType\":\"email\",\"fieldLabel\":\"Email\",\"fieldValue\":\"\",\"fieldPlaceholder\":\"\",\"fieldIsRequired\":\"1\",\"fieldErrorMessage\":\"\",\"fieldExtra\":[],\"formHash\":\"d01a551ac3f2e2175e8c6b8c6092b99ab5eb70c5\"}'  class='grunion-field-email-wrap grunion-field-wrap'  data-wp-init='callbacks.initializeField' data-wp-on--jetpack-form-reset='callbacks.initializeField' >\n<label\n\t\t\t\tfor='g255-email' class=\"grunion-field-label email\" >Email<span class=\"grunion-label-required\" aria-hidden=\"true\">(required)<\/span><\/label>\n<input\n\t\t\t\t\ttype='email'\n\t\t\t\t\tname='g255-email'\n\t\t\t\t\tid='g255-email'\n\t\t\t\t\tvalue=''\n\n\t\t\t\t\tdata-wp-bind--aria-invalid='state.fieldAriaInvalid'\n\t\t\t\t\tdata-wp-bind--value='state.getFieldValue'\n\t\t\t\t\taria-describedby='g255-email-email-error-message'\n\t\t\t\t\tdata-wp-on--input='actions.onFieldChange'\n\t\t\t\t\tdata-wp-on--blur='actions.onFieldBlur'\n\t\t\t\t\tdata-wp-class--has-value='state.hasFieldValue'\n\n\t\t\t\t\tclass='email  grunion-field' \n\t\t\t\t\trequired='true' aria-required='true'  \/>\n \n\t\t\t<div id=\"g255-email-email-error\" class=\"contact-form__input-error\" data-wp-class--has-errors=\"state.fieldHasErrors\">\n\t\t\t\t<span class=\"contact-form__warning-icon\" aria-hidden=\"true\">\n\t\t\t\t\t<svg width=\"16\" height=\"16\" viewBox=\"0 0 16 16\" fill=\"none\" xmlns=\"http:\/\/www.w3.org\/2000\/svg\">\n\t\t\t\t\t\t<path d=\"M8.50015 11.6402H7.50015V10.6402H8.50015V11.6402Z\" \/>\n\t\t\t\t\t\t<path d=\"M7.50015 9.64018H8.50015V6.30684H7.50015V9.64018Z\" \/>\n\t\t\t\t\t\t<path fill-rule=\"evenodd\" clip-rule=\"evenodd\" d=\"M6.98331 3.0947C7.42933 2.30177 8.57096 2.30177 9.01698 3.09469L13.8771 11.7349C14.3145 12.5126 13.7525 13.4735 12.8602 13.4735H3.14004C2.24774 13.4735 1.68575 12.5126 2.12321 11.7349L6.98331 3.0947ZM8.14541 3.58496C8.08169 3.47168 7.9186 3.47168 7.85488 3.58496L2.99478 12.2251C2.93229 12.3362 3.01257 12.4735 3.14004 12.4735H12.8602C12.9877 12.4735 13.068 12.3362 13.0055 12.2251L8.14541 3.58496Z\" \/>\n\t\t\t\t\t<\/svg>\n\t\t\t\t<\/span>\n\t\t\t\t<span data-wp-text=\"state.errorMessage\" id=\"g255-email-email-error-message\"><\/span>\n\t\t\t<\/div> \n\t<\/div>\n\n<div style=\"\"  data-wp-interactive=\"jetpack\/form\" data-wp-context='{\"fieldId\":\"g255-poruka\",\"fieldType\":\"textarea\",\"fieldLabel\":\"Poruka\",\"fieldValue\":\"\",\"fieldPlaceholder\":\"\",\"fieldIsRequired\":\"1\",\"fieldErrorMessage\":\"\",\"fieldExtra\":[],\"formHash\":\"d01a551ac3f2e2175e8c6b8c6092b99ab5eb70c5\"}'  class='grunion-field-textarea-wrap grunion-field-wrap'  data-wp-init='callbacks.initializeField' data-wp-on--jetpack-form-reset='callbacks.initializeField' >\n<label\n\t\t\t\tfor='contact-form-comment-g255-poruka' class=\"grunion-field-label textarea\" >Poruka<span class=\"grunion-label-required\" aria-hidden=\"true\">(required)<\/span><\/label>\n<textarea\n\t\t                style=''\n\t\t                name='g255-poruka'\n\t\t                id='contact-form-comment-g255-poruka'\n\t\t                rows='20'\n\t\t\t\t\t\tdata-wp-text='state.getFieldValue'\n\t\t\t\t\t\tdata-wp-on--input='actions.onFieldChange'\n\t\t\t\t\t\tdata-wp-on--blur='actions.onFieldBlur'\n\t\t\t\t\t\tdata-wp-class--has-value='state.hasFieldValue'\n\t\t\t\t\t\taria-describedby='g255-poruka-textarea-error-message'\n\t\t\t\t\t\tdata-wp-bind--aria-invalid='state.fieldAriaInvalid'\n\t\t\t\t\t\tclass='textarea  grunion-field'  required aria-required='true'><\/textarea>\n \n\t\t\t<div id=\"g255-poruka-textarea-error\" class=\"contact-form__input-error\" data-wp-class--has-errors=\"state.fieldHasErrors\">\n\t\t\t\t<span class=\"contact-form__warning-icon\" aria-hidden=\"true\">\n\t\t\t\t\t<svg width=\"16\" height=\"16\" viewBox=\"0 0 16 16\" fill=\"none\" xmlns=\"http:\/\/www.w3.org\/2000\/svg\">\n\t\t\t\t\t\t<path d=\"M8.50015 11.6402H7.50015V10.6402H8.50015V11.6402Z\" \/>\n\t\t\t\t\t\t<path d=\"M7.50015 9.64018H8.50015V6.30684H7.50015V9.64018Z\" \/>\n\t\t\t\t\t\t<path fill-rule=\"evenodd\" clip-rule=\"evenodd\" d=\"M6.98331 3.0947C7.42933 2.30177 8.57096 2.30177 9.01698 3.09469L13.8771 11.7349C14.3145 12.5126 13.7525 13.4735 12.8602 13.4735H3.14004C2.24774 13.4735 1.68575 12.5126 2.12321 11.7349L6.98331 3.0947ZM8.14541 3.58496C8.08169 3.47168 7.9186 3.47168 7.85488 3.58496L2.99478 12.2251C2.93229 12.3362 3.01257 12.4735 3.14004 12.4735H12.8602C12.9877 12.4735 13.068 12.3362 13.0055 12.2251L8.14541 3.58496Z\" \/>\n\t\t\t\t\t<\/svg>\n\t\t\t\t<\/span>\n\t\t\t\t<span data-wp-text=\"state.errorMessage\" id=\"g255-poruka-textarea-error-message\"><\/span>\n\t\t\t<\/div>\n\t<\/div>\n\t<p class='contact-submit'>\n<div class=\"contact-form__error\" data-wp-class--show-errors=\"state.showFormErrors\"><span class=\"contact-form__warning-icon\" aria-hidden=\"true\"><i><\/i><\/span><span class=\"contact-form__error-message\" tabindex=\"-1\" data-wp-watch=\"callbacks.focusOnValidationError\" data-wp-text=\"state.getFormErrorMessage\"><\/span><ul aria-label=\"Form errors\">\n\t\t\t\t<template data-wp-each=\"state.getErrorList\" data-wp-key=\"context.item.id\">\n\t\t\t\t\t<li><a data-wp-bind--href=\"context.item.anchor\" data-wp-on--click=\"actions.scrollIntoView\" data-wp-text=\"context.item.label\"><\/a><\/li>\n\t\t\t\t<\/template>\n\t\t\t\t<\/ul><\/div><div class=\"contact-form__error\" data-wp-class--show-errors=\"state.showSubmissionError\" data-wp-text=\"context.submissionError\" tabindex=\"-1\" data-wp-watch=\"callbacks.focusOnSubmissionError\"><\/div>\t\t<button type='submit' class='pushbutton-wide'>Po\u0161alji<\/button>\t\t<input type='hidden' name='contact-form-id' value='255' \/>\n\t\t<input type='hidden' name='action' value='grunion-contact-form' \/>\n\t\t<input type='hidden' name='contact-form-hash' value='d01a551ac3f2e2175e8c6b8c6092b99ab5eb70c5' \/>\n\t<\/p>\n<p style=\"display: none !important;\" class=\"akismet-fields-container\" data-prefix=\"ak_\"><label>&#916;<textarea name=\"ak_hp_textarea\" cols=\"45\" rows=\"8\" maxlength=\"100\"><\/textarea><\/label><input type=\"hidden\" id=\"ak_js_1\" name=\"ak_js\" value=\"238\"\/><script type=\"text\/javascript\">\n\/* <![CDATA[ *\/\ndocument.getElementById( \"ak_js_1\" ).setAttribute( \"value\", ( new Date() ).getTime() );\n\/* ]]> *\/\n<\/script>\n<\/p><\/form>\n<\/div>\n\n\n\n<hr class=\"wp-block-separator is-style-wide\" \/>\n\n\n\n<p style=\"text-align:left\"><a href=\"https:\/\/2019.nis.wordcamp.org\/contact\/\" class=\"wcnis-translation-link\">Check English version<\/a><\/p>\n","protected":false},"excerpt":{"rendered":"<p>Po\u0161aljite pitanje ili sugestiju putem forme ispod i neko iz na\u0161eg tima \u0107e Vas kontaktirati u najkra\u0107em mogu\u0107em roku. Check English version<\/p>\n","protected":false},"author":14101731,"featured_media":0,"parent":0,"menu_order":0,"comment_status":"closed","ping_status":"closed","template":"","meta":{"jetpack_post_was_ever_published":false,"footnotes":""},"class_list":["post-255","page","type-page","status-publish","hentry"],"jetpack_sharing_enabled":true,"jetpack_shortlink":"https:\/\/wp.me\/Paxzx7-47","_links":{"self":[{"href":"https:\/\/nis.wordcamp.org\/2019\/wp-json\/wp\/v2\/pages\/255","targetHints":{"allow":["GET"]}}],"collection":[{"href":"https:\/\/nis.wordcamp.org\/2019\/wp-json\/wp\/v2\/pages"}],"about":[{"href":"https:\/\/nis.wordcamp.org\/2019\/wp-json\/wp\/v2\/types\/page"}],"author":[{"embeddable":true,"href":"https:\/\/nis.wordcamp.org\/2019\/wp-json\/wp\/v2\/users\/14101731"}],"replies":[{"embeddable":true,"href":"https:\/\/nis.wordcamp.org\/2019\/wp-json\/wp\/v2\/comments?post=255"}],"version-history":[{"count":6,"href":"https:\/\/nis.wordcamp.org\/2019\/wp-json\/wp\/v2\/pages\/255\/revisions"}],"predecessor-version":[{"id":1045,"href":"https:\/\/nis.wordcamp.org\/2019\/wp-json\/wp\/v2\/pages\/255\/revisions\/1045"}],"wp:attachment":[{"href":"https:\/\/nis.wordcamp.org\/2019\/wp-json\/wp\/v2\/media?parent=255"}],"curies":[{"name":"wp","href":"https:\/\/api.w.org\/{rel}","templated":true}]}}