{"id":332,"date":"2019-02-15T19:05:06","date_gmt":"2019-02-15T18:05:06","guid":{"rendered":"https:\/\/2019.nis.wordcamp.org\/?page_id=332"},"modified":"2019-04-25T14:43:31","modified_gmt":"2019-04-25T12:43:31","slug":"lokacija","status":"publish","type":"page","link":"https:\/\/nis.wordcamp.org\/2019\/lokacija\/","title":{"rendered":"Lokacija"},"content":{"rendered":"\n<p>WordCamp Ni\u0161 \u0107e se odr\u017eati na dve lokacije i trajace dva dana. Prvi dan je rezervisan za konferenciju, dok je drugog dana mogu\u0107e doprineti razvoju WP platforme kroz radionicu pod nazivom Contributor day.<\/p>\n\n\n\n<h2 class=\"wp-block-heading\">Prvi dan<\/h2>\n\n\n\n<p>Prvi dan je rezervisan za konferenciju. Predavanja \u0107e se odr\u017eati na Elektronskom fakultetu u Ni\u0161u. Ima\u0107emo dve paralelne trake sa predavanjima, pa vam savetujemo da pre dolaska isplanirate koja predavanja ne \u017eelite da propustite.<\/p>\n\n\n\n<h3 class=\"wp-block-heading\">Lokacija &#8211; Elektronski fakultet Ni\u0161<\/h3>\n\n\n\n<p>Elektronski fakultet u Ni\u0161u danas predstavlja vrhunsku obrazovnu i nau\u010dnoistra\u017eiva\u010dku organizaciju i instituciju od posebnog dru\u0161tvenog interesa koja uspe\u0161no prati razvoj elektrotehnike i informaciono-komunikacionih tehnologija u svetu i koja predstavlja osnovu za modernu privredu u okviru tehnolo\u0161kog razvoja Republike Srbije u 21. veku.<\/p>\n\n\n\n<p>Kao obrazovna i nau\u010dna ustanova u sastavu Univerziteta u Ni\u0161u, Elektronski fakultet je od svog osnivanja imao zna\u010dajnu ulogu u razvoju Republike Srbije, a danas predstavlja jednu od vode\u0107ih nau\u010dnoistra\u017eiva\u010dkih institucija u zemlji.<\/p>\n\n\n<p>Adresa: Aleksandra Medvedeva 14, 18106 Ni\u0161<br>Telefon: +381 (18) 529-105<br>E-mail:&nbsp;<a href=\"mailto:efinfo@elfak.ni.ac.rs\">efinfo@elfak.ni.ac.rs<\/a><br>Website:&nbsp;<a href=\"http:\/\/www.elfak.ni.ac.rs\/rs\/\" rel=\"nofollow\">www.elfak.ni.ac.rs<\/a><\/p>\n\n\n<h4 class=\"wp-block-heading\">Mapa<\/h4>\n\n\n\n<div class=\"googlemaps\">\n\t\t\t\t<iframe loading=\"lazy\" width=\"600\" height=\"450\" frameborder=\"0\" scrolling=\"no\" marginheight=\"0\" marginwidth=\"0\"  src=\"https:\/\/www.google.com\/maps\/embed?pb=!1m18!1m12!1m3!1d2902.18603759699!2d21.89033331548195!3d43.331295979133614!2m3!1f0!2f0!3f0!3m2!1i1024!2i768!4f13.1!3m3!1m2!1s0x4755b733e02e006f:0x2fd8f95c1eacfcfb!2sFaculty%20of%20Electronic%20Engineering!5e0!3m2!1sen!2srs!4v1550253883749\"><\/iframe>\n\t\t\t<\/div>\n\n\n\n<h4 class=\"wp-block-heading\">Parking<\/h4>\n\n\n\n<p>Ceo kompleks visoko\u0161kolskih ustanova se nalazi na ovoj lokaciji, pa shodno tome postoji veliki parking koji se ne napla\u0107uje.<\/p>\n\n\n\n<h4 class=\"wp-block-heading\">Pogledajte video<\/h4>\n\n\n\n<div class=\"jetpack-video-wrapper\"><span class=\"embed-youtube\" style=\"text-align:center; display: block;\"><iframe loading=\"lazy\" class=\"youtube-player\" width=\"560\" height=\"315\" src=\"https:\/\/www.youtube.com\/embed\/8MNJAfVEfb8?version=3&#038;rel=1&#038;showsearch=0&#038;showinfo=1&#038;iv_load_policy=1&#038;fs=1&#038;hl=en-US&#038;autohide=2&#038;wmode=transparent\" allowfullscreen=\"true\" style=\"border:0;\" sandbox=\"allow-scripts allow-same-origin allow-popups allow-presentation allow-popups-to-escape-sandbox\"><\/iframe><\/span><\/div>\n\n\n\n<hr class=\"wp-block-separator is-style-wide\" \/>\n\n\n\n<h2 class=\"wp-block-heading\">Drugi dan<\/h2>\n\n\n\n<p>Drugi dan odr\u017ea\u0107e se radionica &#8220;Contributor day&#8221; u Visokoj tehni\u010dkoj \u0161koli, gde \u0107emo svi imati priliku da doprinesemo <a rel=\"noreferrer noopener\" aria-label=\"razvoju WordPress platforme (opens in a new tab)\" href=\"https:\/\/make.wordpress.org\/\" target=\"_blank\">razvoju WordPress platforme<\/a>.<\/p>\n\n\n\n<p>WordPress je danas najpopularniji CMS koji pokre\u0107e preko&nbsp;32% sajtova na svetu. Upravo je&nbsp;<a rel=\"noreferrer noopener\" href=\"https:\/\/make.wordpress.org\/community\/\" target=\"_blank\">WP zajednica<\/a>&nbsp;najja\u010de oru\u017eje koje ova platforma ima. Hiljade ljudi \u0161irom sveta dobrovoljno radi na tome da WordPress bude sigurno i pouzdano re\u0161enje za mnoge potrebe: blogera, developera, online prodavnica\u2026&nbsp;<\/p>\n\n\n\n<p>Svako mo\u017ee da pomogne i doprinese ja\u010danju WordPressa i zajednice i upravo ovaj doga\u0111aj okuplja one koji ve\u0107 aktivno rade na konkretnim zadacima i ja\u010danju WP-a i oni \u0107e vas najbolje uputiti kako i gde po\u010deti.<\/p>\n\n\n\n<h3 class=\"wp-block-heading\" id=\"vts\">Lokacija &#8211; Visoka tehni\u010dka \u0161kola<\/h3>\n\n\n\n<p>Nalazi se nekoliko stotina metara od lokacije konferencije.<\/p>\n\n\n\n<p>Visoka tehni\u010dka \u0161kola strukovnih studija u Ni\u0161u je ugledna visoko\u0161kolska institucija sa 43 godine dugom tradicijom u visokom obrazovanju.<\/p>\n\n\n\n<p>Svi studijski programi, kako na osnovnim tako i na specijalisti\u010dkim studijama, su akreditovani, ura\u0111eni po principima Bolonjske deklaracije i usagla\u0161eni sa odredbama Zakona o visokom obrazovanju.<\/p>\n\n\n\n<p>Vr\u0161e\u0107i samovrednovanje, \u0160kola svojom politikom kvaliteta te\u017ei konstantnom pobolj\u0161anju nastavnog procesa \u010dime se posti\u017ee kvalitetnije studiranje.<\/p>\n\n\n\n<p>Adresa: Aleksandra Medvedeva 20, 18000 Ni\u0161, Srbija<br>Telefon: +381 18 588 211, 588 039, 588 040<br>Email: <a href=\"mailto:info@vtsnis.edu.rs\">info@vtsnis.edu.rs<\/a><br>Website: <a aria-label=\"vtsnis.edu.rs (opens in a new tab)\" href=\"http:\/\/vtsnis.edu.rs\/\" target=\"_blank\" rel=\"noreferrer noopener nofollow\">vtsnis.edu.rs<\/a><\/p>\n\n\n\n<p>Mapa<\/p>\n\n\n\n<div class=\"googlemaps\">\n\t\t\t\t<iframe loading=\"lazy\" width=\"600\" height=\"450\" frameborder=\"0\" scrolling=\"no\" marginheight=\"0\" marginwidth=\"0\"  src=\"https:\/\/www.google.com\/maps\/embed?pb=!1m18!1m12!1m3!1d2902.2628221002765!2d21.88736111548188!3d43.32968907913382!2m3!1f0!2f0!3f0!3m2!1i1024!2i768!4f13.1!3m3!1m2!1s0x4755b736a0858e2b:0xb6c8bdf48775d64e!2z0JLQuNGB0L7QutCwINCi0LXRhdC90LjRh9C60LAg0KjQutC-0LvQsA!5e0!3m2!1sen!2srs!4v1550255647643\"><\/iframe>\n\t\t\t<\/div>\n\n\n\n<h4 class=\"wp-block-heading\">Parking<\/h4>\n\n\n\n<p>Ispred Visoke tehni\u010dke \u0161kole se tako\u0111e nalazi parking, ali kako je udaljenost od lokacije konferencije samo nekoliko stotina metara, mo\u017eete koristiti isti parking kao i prvog dana.<\/p>\n\n\n\n<h4 class=\"wp-block-heading\">Pogledajte video<\/h4>\n\n\n\n<div class=\"jetpack-video-wrapper\"><span class=\"embed-youtube\" style=\"text-align:center; display: block;\"><iframe loading=\"lazy\" class=\"youtube-player\" width=\"560\" height=\"315\" src=\"https:\/\/www.youtube.com\/embed\/VlitJOgUnJQ?version=3&#038;rel=1&#038;showsearch=0&#038;showinfo=1&#038;iv_load_policy=1&#038;fs=1&#038;hl=en-US&#038;autohide=2&#038;wmode=transparent\" allowfullscreen=\"true\" style=\"border:0;\" sandbox=\"allow-scripts allow-same-origin allow-popups allow-presentation allow-popups-to-escape-sandbox\"><\/iframe><\/span><\/div>\n\n\n\n<p style=\"text-align:left\"><a href=\"https:\/\/2019.nis.wordcamp.org\/location\/\" class=\"wcnis-translation-link\">Check English version<\/a><\/p>\n","protected":false},"excerpt":{"rendered":"<p>WordCamp Ni\u0161 \u0107e se odr\u017eati na dve lokacije i trajace dva dana. Prvi dan je rezervisan za konferenciju, dok je drugog dana mogu\u0107e doprineti razvoju WP platforme kroz radionicu pod nazivom Contributor day. Prvi dan Prvi dan je rezervisan za konferenciju. Predavanja \u0107e se odr\u017eati na Elektronskom fakultetu u Ni\u0161u. Ima\u0107emo dve paralelne trake sa [&hellip;]<\/p>\n","protected":false},"author":14101731,"featured_media":0,"parent":0,"menu_order":0,"comment_status":"closed","ping_status":"closed","template":"","meta":{"jetpack_post_was_ever_published":false,"footnotes":""},"class_list":["post-332","page","type-page","status-publish","hentry"],"jetpack_sharing_enabled":true,"jetpack_shortlink":"https:\/\/wp.me\/Paxzx7-5m","_links":{"self":[{"href":"https:\/\/nis.wordcamp.org\/2019\/wp-json\/wp\/v2\/pages\/332","targetHints":{"allow":["GET"]}}],"collection":[{"href":"https:\/\/nis.wordcamp.org\/2019\/wp-json\/wp\/v2\/pages"}],"about":[{"href":"https:\/\/nis.wordcamp.org\/2019\/wp-json\/wp\/v2\/types\/page"}],"author":[{"embeddable":true,"href":"https:\/\/nis.wordcamp.org\/2019\/wp-json\/wp\/v2\/users\/14101731"}],"replies":[{"embeddable":true,"href":"https:\/\/nis.wordcamp.org\/2019\/wp-json\/wp\/v2\/comments?post=332"}],"version-history":[{"count":19,"href":"https:\/\/nis.wordcamp.org\/2019\/wp-json\/wp\/v2\/pages\/332\/revisions"}],"predecessor-version":[{"id":2150,"href":"https:\/\/nis.wordcamp.org\/2019\/wp-json\/wp\/v2\/pages\/332\/revisions\/2150"}],"wp:attachment":[{"href":"https:\/\/nis.wordcamp.org\/2019\/wp-json\/wp\/v2\/media?parent=332"}],"curies":[{"name":"wp","href":"https:\/\/api.w.org\/{rel}","templated":true}]}}