{"id":418,"date":"2019-02-17T16:40:43","date_gmt":"2019-02-17T15:40:43","guid":{"rendered":"https:\/\/2019.nis.wordcamp.org\/?page_id=418"},"modified":"2019-03-12T09:46:13","modified_gmt":"2019-03-12T08:46:13","slug":"kodeks-ponasanja","status":"publish","type":"page","link":"https:\/\/nis.wordcamp.org\/2019\/kodeks-ponasanja\/","title":{"rendered":"Kodeks pona\u0161anja"},"content":{"rendered":"\n<h2 class=\"wp-block-heading\">1. Svrha<\/h2>\n\n\n\n<p>WordCamp Ni\u0161 veruje da na\u0161a zajednica zaista treba da bude otvorena za sve. Kao takva, posve\u0107ena je pru\u017eanju prijateljskog, sigurnog i prijatnog okru\u017eenja za sve, bez obzira na pol, seksualnu orijentaciju, invaliditet, etni\u010dku pripadnost, religiju, preferirani operativni sistem, programski jezik ili tekst editor.<\/p>\n\n\n\n<p>Ovaj kodeks pona\u0161anja obja\u0161njava o\u010dekivanja od svakog \u010dlana zajednice, kao i posledice za neprihvatljivo pona\u0161anje.<\/p>\n\n\n\n<p>Pozivamo sve sponzore, volontere, predava\u010de, posetioce i ostale u\u010desnike da pomognu u ostvarivanju sigurnog i pozitivnog iskustva zajednice za sve.<\/p>\n\n\n\n<h2 class=\"wp-block-heading\">2. Dr\u017eavljanstvo otvorenog koda<\/h2>\n\n\n\n<p>Dopunski cilj ovog kodeksa pona\u0161anja je \u0161irenje dr\u017eavljanstva otvorenog koda podsticanjem u\u010desnika da prepoznaju i oja\u010daju odnose izme\u0111u onoga \u0161to radimo i zajednice uop\u0161te.<\/p>\n\n\n\n<p>U korist ovog cilja, organizatori WordCamp Ni\u0161a preuzimaju naimenovanje za primerne gra\u0111ane.<\/p>\n\n\n\n<p>Ukoliko vidite da se neko dodatno trudi da u\u010dini na\u0161u zajednicu otvorenom, prijateljskom i ohrabruje sve u\u010desnike da doprinesu u najve\u0107oj meri, \u017eelimo da nas obavestite. Mo\u017eete nominovati nekoga putem razgovora sa organizatorom doga\u0111aja ili putem interneta.<\/p>\n\n\n\n<h2 class=\"wp-block-heading\">3. O\u010dekivano pona\u0161anje<\/h2>\n\n\n\n<ul class=\"wp-block-list\"><li>Budite pa\u017eljivi, po\u0161tujte druge i sara\u0111ujte.<\/li><li>Uzdr\u017eite se od poni\u017eavaju\u0107eg, diskriminatornog ili takvog pona\u0161anja i govora koji uznemiravaju druge ljude.<\/li><li>Budite svesni svog okru\u017eenja i va\u0161ih kolega u\u010desnika.<\/li><li>Upozorite organizatore zajednice ako primetite opasnu situaciju ili da je neko u nevolji.<\/li><li>U\u010destvujte na autenti\u010dan i aktivan na\u010din. Time poma\u017eete u kreiranju WordCamp Ni\u0161a i \u010dinite ga sopstvenim.<\/li><\/ul>\n\n\n\n<h2 class=\"wp-block-heading\">4. Neprihvatljivo pona\u0161anje<\/h2>\n\n\n\n<p>Neprihvatljivo pona\u0161anje uklju\u010duje: zastra\u0161ivanje, uznemiravanje, zloupotrebu, diskriminaciju ili poni\u017eavanje od strane bilo kog \u010dlana grupe korisnika WordPress Srbija i povezanih doga\u0111aja. Sve lokacije koje WordCamp Ni\u0161 koristi se mogu javno koristiti; molimo vas da po\u0161tujete sve pokrovitelje ovih lokacija.<\/p>\n\n\n\n<p>Uznemiravanje uklju\u010duje: uvredljive verbalne komentare u vezi sa polom, seksualnom orijentacijom, rasom, religijom, invaliditetom; neadekvatna upotreba golotinje i\/ili seksualnih slika na javnim mestima (uklju\u010duju\u0107i slajdove prezentacije); namerno zastra\u0161ivanje, progonjenje ili pra\u0107enje; uznemiravanje putem fotografisanja ili snimanja; uporno prekidanje predavanja, prezentacija ili drugih doga\u0111aja; neodgovaraju\u0107i fizi\u010dki kontakt i nepo\u017eeljna seksualna pa\u017enja.<\/p>\n\n\n\n<h2 class=\"wp-block-heading\">5. Posledice neprihvatljivog pona\u0161anja<\/h2>\n\n\n\n<p>Neprihvatljivo pona\u0161anje se ne\u0107e tolerisati, bilo da dolazi od strane u\u010desnika, organizatora, osoblja lokacije, sponzora ili drugih pokrovitelja lokacija WordCamp Ni\u0161a.<\/p>\n\n\n\n<p>Od po\u010dinioca se o\u010dekuje da \u0107e prestati sa neprihvatljivim pona\u0161anjem \u010dim se to od njega zatra\u017ei.<\/p>\n\n\n\n<p>Ukoliko u\u010desnik upra\u017enjava neprihvatljivo pona\u0161anje, organizatori zajednice mogu preduzeti sve mere koje smatraju odgovaraju\u0107im, \u0161to podrazumeva i isklju\u010denje iz zajednice bez upozorenja ili mogu\u0107nosti povratka.<\/p>\n\n\n\n<h2 class=\"wp-block-heading\">6. \u0160ta raditi ako ste svedok ili \u017ertva neprihvatljivog pona\u0161anja<\/h2>\n\n\n\n<p>Ako ste \u017ertva neprihvatljivog pona\u0161anja, primetite da je to neko drugi ili imate bilo kakvu sli\u010dnu nedoumicu, molimo vas da obavestite organizatore doga\u0111aja \u0161to je pre mogu\u0107e ili da popunite izve\u0161taj o incidentu ako se isti dogodio na internetu.<\/p>\n\n\n\n<p>Tim WordCamp Ni\u0161a je na raspolaganju da pomogne u\u010desnicima u komunikaciji sa obezbe\u0111enjem lokacije ili sprovo\u0111enjem zakona na lokalnom nivou, pru\u017eanjem pratnje ili iniciranjem pomo\u0107i onima koji su bili \u017ertve neprihvatljivog pona\u0161anja, kako bi se ose\u0107ali sigurno u toku konferencije. Volonteri \u0107e nositi prepoznatljive majice. Bilo koji volonter mo\u017ee da vas pove\u017ee sa organizatorom konferencije. Tako\u0111e, mo\u017eete do\u0107i do \u0161tanda za registraciju i tra\u017eiti organizatore.<\/p>\n\n\n\n<h2 class=\"wp-block-heading\">7. Primenljivost kodeksa<\/h2>\n\n\n\n<p>O\u010dekujemo da svi \u010dlanovi zajednice, sponzori, volonteri, govornici, prisutni i drugi gosti po\u0161tuju ovaj kodeks pona\u0161anja na svim mestima i sli\u010dnim dru\u0161tvenim doga\u0111ajima.<\/p>\n\n\n\n<h2 class=\"wp-block-heading\">8. Kontakt informacije<\/h2>\n\n\n\n<p>Za dodatne informacije mo\u017eete kontaktirati organizatore na \u0161tandu za registraciju ili putem kontakt stranice.<\/p>\n\n\n\n<h2 class=\"wp-block-heading\">9. Licenca i ovla\u0161\u0107enje<\/h2>\n\n\n\n<p>Ovaj kodeks pona\u0161anja je obilato pozajmljen iz izvanrednog dokumenta Most otvorenog koda, sa dodatim specifi\u010dnim informacija koje se ti\u010du ove konferencije. Original je dostupan na <a href=\"http:\/\/opensourcebridge.org\/about\/code-of-conduct\/\">http:\/\/opensourcebridge.org\/about\/code-of-conduct\/<\/a> i objavljuje se pod licencom <a href=\"http:\/\/creativecommons.org\/licenses\/by-sa\/3.0\/\">Creative Commons Attribution-ShareAlike<\/a>.<\/p>\n\n\n\n<hr class=\"wp-block-separator\" \/>\n\n\n\n<p><a href=\"https:\/\/2019.nis.wordcamp.org\/code-of-conduct\/\" class=\"wcnis-translation-link\">Check English version<\/a><\/p>\n","protected":false},"excerpt":{"rendered":"<p>1. Svrha WordCamp Ni\u0161 veruje da na\u0161a zajednica zaista treba da bude otvorena za sve. Kao takva, posve\u0107ena je pru\u017eanju prijateljskog, sigurnog i prijatnog okru\u017eenja za sve, bez obzira na pol, seksualnu orijentaciju, invaliditet, etni\u010dku pripadnost, religiju, preferirani operativni sistem, programski jezik ili tekst editor. Ovaj kodeks pona\u0161anja obja\u0161njava o\u010dekivanja od svakog \u010dlana zajednice, kao [&hellip;]<\/p>\n","protected":false},"author":7923389,"featured_media":0,"parent":0,"menu_order":0,"comment_status":"closed","ping_status":"closed","template":"","meta":{"jetpack_post_was_ever_published":false,"footnotes":""},"class_list":["post-418","page","type-page","status-publish","hentry"],"jetpack_sharing_enabled":true,"jetpack_shortlink":"https:\/\/wp.me\/Paxzx7-6K","_links":{"self":[{"href":"https:\/\/nis.wordcamp.org\/2019\/wp-json\/wp\/v2\/pages\/418","targetHints":{"allow":["GET"]}}],"collection":[{"href":"https:\/\/nis.wordcamp.org\/2019\/wp-json\/wp\/v2\/pages"}],"about":[{"href":"https:\/\/nis.wordcamp.org\/2019\/wp-json\/wp\/v2\/types\/page"}],"author":[{"embeddable":true,"href":"https:\/\/nis.wordcamp.org\/2019\/wp-json\/wp\/v2\/users\/7923389"}],"replies":[{"embeddable":true,"href":"https:\/\/nis.wordcamp.org\/2019\/wp-json\/wp\/v2\/comments?post=418"}],"version-history":[{"count":10,"href":"https:\/\/nis.wordcamp.org\/2019\/wp-json\/wp\/v2\/pages\/418\/revisions"}],"predecessor-version":[{"id":1044,"href":"https:\/\/nis.wordcamp.org\/2019\/wp-json\/wp\/v2\/pages\/418\/revisions\/1044"}],"wp:attachment":[{"href":"https:\/\/nis.wordcamp.org\/2019\/wp-json\/wp\/v2\/media?parent=418"}],"curies":[{"name":"wp","href":"https:\/\/api.w.org\/{rel}","templated":true}]}}