{"id":597,"date":"2019-02-18T17:28:33","date_gmt":"2019-02-18T16:28:33","guid":{"rendered":"https:\/\/2019.nis.wordcamp.org\/?page_id=597"},"modified":"2019-03-12T09:47:19","modified_gmt":"2019-03-12T08:47:19","slug":"elektronski-fakultet-u-nisu","status":"publish","type":"page","link":"https:\/\/nis.wordcamp.org\/2019\/sponzori\/elektronski-fakultet-u-nisu\/","title":{"rendered":"Elektronski fakultet u Ni\u0161u"},"content":{"rendered":"\n<div class=\"clearfix\" style=\"padding: 2rem;0\"><\/div>\n\n\n\n<figure class=\"wp-block-image\"><img loading=\"lazy\" decoding=\"async\" width=\"281\" height=\"281\" src=\"https:\/\/2019.nis.wordcamp.org\/files\/2019\/02\/elektronski-fakultet-logo.png\" alt=\"\" class=\"wp-image-155\" srcset=\"https:\/\/nis.wordcamp.org\/2019\/files\/2019\/02\/elektronski-fakultet-logo.png 281w, https:\/\/nis.wordcamp.org\/2019\/files\/2019\/02\/elektronski-fakultet-logo-150x150.png 150w\" sizes=\"auto, (max-width: 281px) 100vw, 281px\" \/><figcaption>Elektronski fakultet Ni\u0161<\/figcaption><\/figure>\n\n\n\n<p><a href=\"http:\/\/www.elfak.ni.ac.rs\" target=\"_blank\" aria-label=\"Elektronski fakultet u Ni\u0161u (opens in a new tab)\" rel=\"noreferrer noopener nofollow\">Elektronski fakultet u Ni\u0161u<\/a> danas predstavlja vrhunsku obrazovnu i nau\u010dnoistra\u017eiva\u010dku organizaciju i instituciju od posebnog dru\u0161tvenog interesa koja uspe\u0161no prati razvoj elektrotehnike i informaciono-komunikacionih tehnologija u svetu i koja predstavlja osnovu za modernu privredu u okviru tehnolo\u0161kog razvoja Republike Srbije u 21. veku.<\/p>\n\n\n\n<p>Kao obrazovna i nau\u010dna ustanova u sastavu Univerziteta u Ni\u0161u, Elektronski fakultet je od svog osnivanja imao zna\u010dajnu ulogu u razvoju Republike Srbije, a danas predstavlja jednu od vode\u0107ih nau\u010dnoistra\u017eiva\u010dkih institucija u zemlji.<\/p>\n\n\n\n<hr class=\"wp-block-separator is-style-wide\" \/>\n\n\n\n<p style=\"text-align:left\"><a href=\"https:\/\/2019.nis.wordcamp.org\/sponsor\/faculty-of-electronic-engineering\/\" class=\"wcnis-translation-link\">Check English version<\/a><\/p>\n","protected":false},"excerpt":{"rendered":"<p>Elektronski fakultet u Ni\u0161u danas predstavlja vrhunsku obrazovnu i nau\u010dnoistra\u017eiva\u010dku organizaciju i instituciju od posebnog dru\u0161tvenog interesa koja uspe\u0161no prati razvoj elektrotehnike i informaciono-komunikacionih tehnologija u svetu i koja predstavlja osnovu za modernu privredu u okviru tehnolo\u0161kog razvoja Republike Srbije u 21. veku. Kao obrazovna i nau\u010dna ustanova u sastavu Univerziteta u Ni\u0161u, Elektronski fakultet [&hellip;]<\/p>\n","protected":false},"author":14101731,"featured_media":155,"parent":564,"menu_order":0,"comment_status":"closed","ping_status":"closed","template":"","meta":{"jetpack_post_was_ever_published":false,"footnotes":""},"class_list":["post-597","page","type-page","status-publish","has-post-thumbnail","hentry"],"jetpack_sharing_enabled":true,"jetpack_shortlink":"https:\/\/wp.me\/Paxzx7-9D","_links":{"self":[{"href":"https:\/\/nis.wordcamp.org\/2019\/wp-json\/wp\/v2\/pages\/597","targetHints":{"allow":["GET"]}}],"collection":[{"href":"https:\/\/nis.wordcamp.org\/2019\/wp-json\/wp\/v2\/pages"}],"about":[{"href":"https:\/\/nis.wordcamp.org\/2019\/wp-json\/wp\/v2\/types\/page"}],"author":[{"embeddable":true,"href":"https:\/\/nis.wordcamp.org\/2019\/wp-json\/wp\/v2\/users\/14101731"}],"replies":[{"embeddable":true,"href":"https:\/\/nis.wordcamp.org\/2019\/wp-json\/wp\/v2\/comments?post=597"}],"version-history":[{"count":3,"href":"https:\/\/nis.wordcamp.org\/2019\/wp-json\/wp\/v2\/pages\/597\/revisions"}],"predecessor-version":[{"id":1052,"href":"https:\/\/nis.wordcamp.org\/2019\/wp-json\/wp\/v2\/pages\/597\/revisions\/1052"}],"up":[{"embeddable":true,"href":"https:\/\/nis.wordcamp.org\/2019\/wp-json\/wp\/v2\/pages\/564"}],"wp:featuredmedia":[{"embeddable":true,"href":"https:\/\/nis.wordcamp.org\/2019\/wp-json\/wp\/v2\/media\/155"}],"wp:attachment":[{"href":"https:\/\/nis.wordcamp.org\/2019\/wp-json\/wp\/v2\/media?parent=597"}],"curies":[{"name":"wp","href":"https:\/\/api.w.org\/{rel}","templated":true}]}}