{"id":603,"date":"2019-02-18T17:33:11","date_gmt":"2019-02-18T16:33:11","guid":{"rendered":"https:\/\/2019.nis.wordcamp.org\/?page_id=603"},"modified":"2019-03-22T14:49:08","modified_gmt":"2019-03-22T13:49:08","slug":"visoka-tehnicka-skola","status":"publish","type":"page","link":"https:\/\/nis.wordcamp.org\/2019\/sponzori\/visoka-tehnicka-skola\/","title":{"rendered":"Visoka tehni\u010dka \u0161kola u Ni\u0161u"},"content":{"rendered":"\n<div class=\"clearfix\" style=\"padding: 2rem;0\"><\/div>\n\n\n\n<figure class=\"wp-block-image\"><img loading=\"lazy\" decoding=\"async\" width=\"333\" height=\"70\" src=\"https:\/\/2019.nis.wordcamp.org\/files\/2019\/02\/VTS-logo-cir-2018_70x333.png\" alt=\"\" class=\"wp-image-187\" srcset=\"https:\/\/nis.wordcamp.org\/2019\/files\/2019\/02\/VTS-logo-cir-2018_70x333.png 333w, https:\/\/nis.wordcamp.org\/2019\/files\/2019\/02\/VTS-logo-cir-2018_70x333-300x63.png 300w\" sizes=\"auto, (max-width: 333px) 100vw, 333px\" \/><\/figure>\n\n\n\n<p><a href=\"http:\/\/vtsnis.edu.rs\/\" target=\"_blank\" aria-label=\" (opens in a new tab)\" rel=\"noreferrer noopener nofollow\">Visoka tehni\u010dka \u0161kola strukovnih studija<\/a> iz Ni\u0161a je ugledna visoko\u0161kolska institucija sa 43 godina dugom tradicijom u visokom obrazovanju.<\/p>\n\n\n\n<p>Svi studijski programi, na osnovnim, master i specijalisti\u010dkim strukovnim studijama, su akreditovani, ura\u0111eni po principima Bolonjske deklaracije i usagla\u0161eni sa odredbama Zakona o visokom obrazovanju.<\/p>\n\n\n\n<p>Vr\u0161e\u0107i samovrednovanje, \u0160kola svojom politikom kvaliteta te\u017ei konstantnom pobolj\u0161anju nastavnog procesa \u010dime se posti\u017ee kvalitetnije studiranje.<\/p>\n\n\n\n<hr class=\"wp-block-separator is-style-wide\" \/>\n\n\n\n<p style=\"text-align:left\"><a href=\"https:\/\/2019.nis.wordcamp.org\/sponsor\/college-of-applied-technical-sciences\/\" class=\"wcnis-translation-link\">Check English version<\/a><\/p>\n","protected":false},"excerpt":{"rendered":"<p>Visoka tehni\u010dka \u0161kola strukovnih studija iz Ni\u0161a je ugledna visoko\u0161kolska institucija sa 43 godina dugom tradicijom u visokom obrazovanju. Svi studijski programi, na osnovnim, master i specijalisti\u010dkim strukovnim studijama, su akreditovani, ura\u0111eni po principima Bolonjske deklaracije i usagla\u0161eni sa odredbama Zakona o visokom obrazovanju. Vr\u0161e\u0107i samovrednovanje, \u0160kola svojom politikom kvaliteta te\u017ei konstantnom pobolj\u0161anju nastavnog procesa [&hellip;]<\/p>\n","protected":false},"author":14101731,"featured_media":187,"parent":564,"menu_order":0,"comment_status":"closed","ping_status":"closed","template":"","meta":{"jetpack_post_was_ever_published":false,"footnotes":""},"class_list":["post-603","page","type-page","status-publish","has-post-thumbnail","hentry"],"jetpack_sharing_enabled":true,"jetpack_shortlink":"https:\/\/wp.me\/Paxzx7-9J","_links":{"self":[{"href":"https:\/\/nis.wordcamp.org\/2019\/wp-json\/wp\/v2\/pages\/603","targetHints":{"allow":["GET"]}}],"collection":[{"href":"https:\/\/nis.wordcamp.org\/2019\/wp-json\/wp\/v2\/pages"}],"about":[{"href":"https:\/\/nis.wordcamp.org\/2019\/wp-json\/wp\/v2\/types\/page"}],"author":[{"embeddable":true,"href":"https:\/\/nis.wordcamp.org\/2019\/wp-json\/wp\/v2\/users\/14101731"}],"replies":[{"embeddable":true,"href":"https:\/\/nis.wordcamp.org\/2019\/wp-json\/wp\/v2\/comments?post=603"}],"version-history":[{"count":5,"href":"https:\/\/nis.wordcamp.org\/2019\/wp-json\/wp\/v2\/pages\/603\/revisions"}],"predecessor-version":[{"id":1297,"href":"https:\/\/nis.wordcamp.org\/2019\/wp-json\/wp\/v2\/pages\/603\/revisions\/1297"}],"up":[{"embeddable":true,"href":"https:\/\/nis.wordcamp.org\/2019\/wp-json\/wp\/v2\/pages\/564"}],"wp:featuredmedia":[{"embeddable":true,"href":"https:\/\/nis.wordcamp.org\/2019\/wp-json\/wp\/v2\/media\/187"}],"wp:attachment":[{"href":"https:\/\/nis.wordcamp.org\/2019\/wp-json\/wp\/v2\/media?parent=603"}],"curies":[{"name":"wp","href":"https:\/\/api.w.org\/{rel}","templated":true}]}}