{"id":621,"date":"2019-02-18T17:56:47","date_gmt":"2019-02-18T16:56:47","guid":{"rendered":"https:\/\/2019.nis.wordcamp.org\/?page_id=621"},"modified":"2019-03-12T09:47:53","modified_gmt":"2019-03-12T08:47:53","slug":"woocommerce","status":"publish","type":"page","link":"https:\/\/nis.wordcamp.org\/2019\/sponzori\/woocommerce\/","title":{"rendered":"WooCommerce"},"content":{"rendered":"\n<div class=\"clearfix\" style=\"padding: 2rem;0\"><\/div>\n\n\n\n<figure class=\"wp-block-image\"><img loading=\"lazy\" decoding=\"async\" width=\"432\" height=\"87\" src=\"https:\/\/2019.nis.wordcamp.org\/files\/2018\/11\/woocommerce_logo.png\" alt=\"\" class=\"wp-image-21\" srcset=\"https:\/\/nis.wordcamp.org\/2019\/files\/2018\/11\/woocommerce_logo.png 432w, https:\/\/nis.wordcamp.org\/2019\/files\/2018\/11\/woocommerce_logo-300x60.png 300w\" sizes=\"auto, (max-width: 432px) 100vw, 432px\" \/><\/figure>\n\n\n<p>28% svih prodavnica na mre\u017ei pokre\u0107e <a href=\"https:\/\/woocommerce.com\/\" target=\"_blank\" rel=\"noopener noreferrer\">WooCommerce<\/a>. On predstavlja potpuno prilagodljivo, open-source eCommerce, re\u0161enje koje kao osnovu koristi WordPress. Isti\u010de se po tome \u0161to ima:<\/p>\n<ul>\n<li><a href=\"https:\/\/wordpress.org\/plugins\/woocommerce\/stats\/\" target=\"_blank\" rel=\"noopener noreferrer\">3+ miliona aktivnih instalacija<\/a><\/li>\n<li>34+ miliona preuzimanja<\/li>\n<li>450 + pro\u0161irenja za dodavanje funkcionalnosti<\/li>\n<\/ul>\n<p>Bez obzira da li prodajete nekoliko ru\u010dno ra\u0111enih artikala na specijalizovanim tr\u017ei\u0161tima, pokre\u0107ete Va\u0161 biznis na internetu, ili kre\u0107ete globalno sa eCommerce poslom &#8211; WooCommerce \u0107e Vam omogu\u0107iti postavljanje, brzu prodaju, i sigurno skaliranje Va\u0161eg biznisa. Plus \u0107e Va\u0161 sadr\u017eaj biti zauvek va\u0161 i prilagodljiv do najfinije boje dugmeta.<\/p>\n<p>WooCommerce razvija kompanija Automattic, kreator WordPress.com sajta, koja ima veliki udeo u uspehu WordPress-a kao platforme.<\/p>\n\n\n<hr class=\"wp-block-separator is-style-wide\" \/>\n\n\n\n<p style=\"text-align:left\"><a href=\"https:\/\/2019.nis.wordcamp.org\/sponsor\/woocommerce\/\" class=\"wcnis-translation-link\">Check English version<\/a><\/p>\n","protected":false},"excerpt":{"rendered":"<p>28% svih prodavnica na mre\u017ei pokre\u0107e WooCommerce. On predstavlja potpuno prilagodljivo, open-source eCommerce, re\u0161enje koje kao osnovu koristi WordPress. Isti\u010de se po tome \u0161to ima: 3+ miliona aktivnih instalacija 34+ miliona preuzimanja 450 + pro\u0161irenja za dodavanje funkcionalnosti Bez obzira da li prodajete nekoliko ru\u010dno ra\u0111enih artikala na specijalizovanim tr\u017ei\u0161tima, pokre\u0107ete Va\u0161 biznis na internetu, [&hellip;]<\/p>\n","protected":false},"author":14101731,"featured_media":21,"parent":564,"menu_order":0,"comment_status":"closed","ping_status":"closed","template":"","meta":{"_crdt_document":"","jetpack_post_was_ever_published":false,"footnotes":""},"class_list":["post-621","page","type-page","status-publish","has-post-thumbnail","hentry"],"jetpack_sharing_enabled":true,"jetpack_shortlink":"https:\/\/wp.me\/Paxzx7-a1","_links":{"self":[{"href":"https:\/\/nis.wordcamp.org\/2019\/wp-json\/wp\/v2\/pages\/621","targetHints":{"allow":["GET"]}}],"collection":[{"href":"https:\/\/nis.wordcamp.org\/2019\/wp-json\/wp\/v2\/pages"}],"about":[{"href":"https:\/\/nis.wordcamp.org\/2019\/wp-json\/wp\/v2\/types\/page"}],"author":[{"embeddable":true,"href":"https:\/\/nis.wordcamp.org\/2019\/wp-json\/wp\/v2\/users\/14101731"}],"replies":[{"embeddable":true,"href":"https:\/\/nis.wordcamp.org\/2019\/wp-json\/wp\/v2\/comments?post=621"}],"version-history":[{"count":6,"href":"https:\/\/nis.wordcamp.org\/2019\/wp-json\/wp\/v2\/pages\/621\/revisions"}],"predecessor-version":[{"id":1056,"href":"https:\/\/nis.wordcamp.org\/2019\/wp-json\/wp\/v2\/pages\/621\/revisions\/1056"}],"up":[{"embeddable":true,"href":"https:\/\/nis.wordcamp.org\/2019\/wp-json\/wp\/v2\/pages\/564"}],"wp:featuredmedia":[{"embeddable":true,"href":"https:\/\/nis.wordcamp.org\/2019\/wp-json\/wp\/v2\/media\/21"}],"wp:attachment":[{"href":"https:\/\/nis.wordcamp.org\/2019\/wp-json\/wp\/v2\/media?parent=621"}],"curies":[{"name":"wp","href":"https:\/\/api.w.org\/{rel}","templated":true}]}}