{"id":641,"date":"2019-02-18T18:20:30","date_gmt":"2019-02-18T17:20:30","guid":{"rendered":"https:\/\/2019.nis.wordcamp.org\/?page_id=641"},"modified":"2019-03-12T09:47:11","modified_gmt":"2019-03-12T08:47:11","slug":"bluehost","status":"publish","type":"page","link":"https:\/\/nis.wordcamp.org\/2019\/sponzori\/bluehost\/","title":{"rendered":"Bluehost"},"content":{"rendered":"\n<div class=\"clearfix\" style=\"padding: 2rem;0\"><\/div>\n\n\n\n<figure class=\"wp-block-image\"><img loading=\"lazy\" decoding=\"async\" width=\"651\" height=\"137\" src=\"https:\/\/2019.nis.wordcamp.org\/files\/2018\/11\/bh_logo_2015.png\" alt=\"\" class=\"wp-image-27\" srcset=\"https:\/\/nis.wordcamp.org\/2019\/files\/2018\/11\/bh_logo_2015.png 651w, https:\/\/nis.wordcamp.org\/2019\/files\/2018\/11\/bh_logo_2015-300x63.png 300w, https:\/\/nis.wordcamp.org\/2019\/files\/2018\/11\/bh_logo_2015-500x105.png 500w\" sizes=\"auto, (max-width: 651px) 100vw, 651px\" \/><\/figure>\n\n\n<p><a href=\"https:\/\/www.bluehost.com\/\" target=\"_blank\" rel=\"noopener noreferrer nofollow\">Bluehost<\/a> je partner WordPress-a od 2005. godine i pokre\u0107e preko milion WordPress sajtova \u0161irom sveta. Njihov cilj je da pomognu klijentima, bilo novajlijama ili profesionalcima, da obezbede kvalitetan hosting po pristupa\u010dnoj ceni.<\/p>\n<p>Sa timom \u201cin-house\u201d tehni\u010dara dostupnih 24\/7, Bluehost posve\u0107uje vreme i resurse za pru\u017eanje najbolje podr\u0161ke u industriji. Pridru\u017eite se milionima drugih vlasnika sajtova i pogledajte \u0161ta Bluehost mo\u017ee u\u010diniti za vas i va\u0161e prisustvo na internetu.<\/p>\n\n\n<hr class=\"wp-block-separator is-style-wide\" \/>\n\n\n\n<p style=\"text-align:left\"><a href=\"https:\/\/2019.nis.wordcamp.org\/sponsor\/bluehost\/\" class=\"wcnis-translation-link\">Check English version<\/a><\/p>\n","protected":false},"excerpt":{"rendered":"<p>Bluehost je partner WordPress-a od 2005. godine i pokre\u0107e preko milion WordPress sajtova \u0161irom sveta. Njihov cilj je da pomognu klijentima, bilo novajlijama ili profesionalcima, da obezbede kvalitetan hosting po pristupa\u010dnoj ceni. Sa timom \u201cin-house\u201d tehni\u010dara dostupnih 24\/7, Bluehost posve\u0107uje vreme i resurse za pru\u017eanje najbolje podr\u0161ke u industriji. Pridru\u017eite se milionima drugih vlasnika sajtova [&hellip;]<\/p>\n","protected":false},"author":14101731,"featured_media":27,"parent":564,"menu_order":0,"comment_status":"closed","ping_status":"closed","template":"","meta":{"jetpack_post_was_ever_published":false,"footnotes":""},"class_list":["post-641","page","type-page","status-publish","has-post-thumbnail","hentry"],"jetpack_sharing_enabled":true,"jetpack_shortlink":"https:\/\/wp.me\/Paxzx7-al","_links":{"self":[{"href":"https:\/\/nis.wordcamp.org\/2019\/wp-json\/wp\/v2\/pages\/641","targetHints":{"allow":["GET"]}}],"collection":[{"href":"https:\/\/nis.wordcamp.org\/2019\/wp-json\/wp\/v2\/pages"}],"about":[{"href":"https:\/\/nis.wordcamp.org\/2019\/wp-json\/wp\/v2\/types\/page"}],"author":[{"embeddable":true,"href":"https:\/\/nis.wordcamp.org\/2019\/wp-json\/wp\/v2\/users\/14101731"}],"replies":[{"embeddable":true,"href":"https:\/\/nis.wordcamp.org\/2019\/wp-json\/wp\/v2\/comments?post=641"}],"version-history":[{"count":4,"href":"https:\/\/nis.wordcamp.org\/2019\/wp-json\/wp\/v2\/pages\/641\/revisions"}],"predecessor-version":[{"id":1051,"href":"https:\/\/nis.wordcamp.org\/2019\/wp-json\/wp\/v2\/pages\/641\/revisions\/1051"}],"up":[{"embeddable":true,"href":"https:\/\/nis.wordcamp.org\/2019\/wp-json\/wp\/v2\/pages\/564"}],"wp:featuredmedia":[{"embeddable":true,"href":"https:\/\/nis.wordcamp.org\/2019\/wp-json\/wp\/v2\/media\/27"}],"wp:attachment":[{"href":"https:\/\/nis.wordcamp.org\/2019\/wp-json\/wp\/v2\/media?parent=641"}],"curies":[{"name":"wp","href":"https:\/\/api.w.org\/{rel}","templated":true}]}}